{"id":88,"date":"2013-06-10T05:59:21","date_gmt":"2013-06-10T03:59:21","guid":{"rendered":"http:\/\/www.genius-akademie.com\/?page_id=88"},"modified":"2020-01-10T15:51:05","modified_gmt":"2020-01-10T13:51:05","slug":"seminarkalender","status":"publish","type":"page","link":"https:\/\/www.genius-akademie.de\/?page_id=88","title":{"rendered":"Wann und wo finden CCTT-Schulungen statt?"},"content":{"rendered":"<p><span style=\"font-family: arial,helvetica,sans-serif; font-size: 16px;\">Die CCTT-Seminare, die durch die GENIUS Akademie\u00a0seit 2005 sehr erfolgreich durchgef\u00fchrt werden, sind, mit ganz wenigen Ausnahmen, Inhouse-Seminare in den R\u00e4umlichkeiten des Kunden. Diese Seminarform ist bei den Kunden sehr beliebt, da sowohl der Zeitpunkt (auch der Samstag ist m\u00f6glich) als auch der Themenschwerpunkt vom Kunden bestimmt werden kann &#8211; zudem entfallen Reise- und \u00dcbernachtungskosten f\u00fcr die Teilnehmer. Durch die unterschiedlichen Kundenanforderungen (Konfektion\u00e4re haben andere Aufgaben und Anforderungen wie z.B. Flugzeughersteller oder Kunden aus dem Bereich Industrial Ethernet) ist eine heterogene Teilnehmerstruktur weniger effektiv.<\/span><\/p>\n<p><span style=\"font-family: arial,helvetica,sans-serif; font-size: 16px;\">Parallel zu den Seminaren der GENIUS Akademie bieten die Fluke-Distributoren in Zusammenarbeit mit der GENIUS Akademie ebenfalls CCTT-Seminare an, die dann im Hause des Distributors oder in einer externen Lokation durchgef\u00fchrt werden. Bitte beachten Sie auch die Hinweise auf der Homepage Ihres Distributors oder setzen sich mit diesem in Verbindung. <\/span><\/p>\n<p><span style=\"font-family: arial,helvetica,sans-serif; font-size: 16px;\">Aufgrund der Erfahrungen aus den zur\u00fcckliegenden Jahren und der Tatsache, dass die GENIUS Akademie ausschlie\u00dflich Inhouse-Seminare anbietet, <strong>wird ab dem 01.01.2020 auf eine Ver\u00f6ffentlichung m\u00f6glicher Schulungstermine in Deutschland und \u00d6sterreich verzichtet.<\/strong> <strong>Somit kann der Schulungsinteressent in Absprache mit der GENIUS Akademie seinen pers\u00f6nlichen Terminwunsch abstimmen.<\/strong><\/span><\/p>\n<p><span style=\"font-family: arial,helvetica,sans-serif; font-size: 16px;\"><strong> Die Schulungen findet an jedem Ort in Deutschland und \u00d6sterreich statt.<\/strong>\u00a0 <\/span><\/p>\n<p><span style=\"font-family: arial,helvetica,sans-serif;\"><span style=\"font-family: arial,helvetica,sans-serif; font-size: 16px;\">Bei Interesse bitten wir Sie um Kontaktaufnahme \u00fcber das <b>Formular Kontakt\/Buchung <\/b>bzw. \u00fcber direkte Kontaktaufnahme unter <\/span><span style=\"font-family: arial,helvetica,sans-serif; font-size: 16px;\"><strong>info@genius-akademie.de<\/strong> oder unter der <strong>Mobilnummer 0176 \/ 189 194 10<\/strong>. \u00a0 \u00a0 <\/span><\/span><\/p>\n<p><span style=\"font-family: arial,helvetica,sans-serif; font-size: 16px;\">Wir freuen uns auf Ihre Kontaktaufnahme.<\/span><\/p>\n","protected":false},"excerpt":{"rendered":"<p>Die CCTT-Seminare, die durch die GENIUS Akademie\u00a0seit 2005 sehr erfolgreich durchgef\u00fchrt werden, sind, mit ganz wenigen Ausnahmen, Inhouse-Seminare in den R\u00e4umlichkeiten des Kunden. Diese Seminarform ist bei den Kunden sehr beliebt, da sowohl der Zeitpunkt (auch der Samstag ist m\u00f6glich) als auch der Themenschwerpunkt vom Kunden bestimmt werden kann &#8211; zudem entfallen Reise- und \u00dcbernachtungskosten &hellip; <\/p>\n<p><a class=\"more-link btn\" href=\"https:\/\/www.genius-akademie.de\/?page_id=88\">Weiterlesen<\/a><\/p>\n","protected":false},"author":3,"featured_media":0,"parent":86,"menu_order":2,"comment_status":"closed","ping_status":"closed","template":"","meta":{"footnotes":""},"_links":{"self":[{"href":"https:\/\/www.genius-akademie.de\/index.php?rest_route=\/wp\/v2\/pages\/88"}],"collection":[{"href":"https:\/\/www.genius-akademie.de\/index.php?rest_route=\/wp\/v2\/pages"}],"about":[{"href":"https:\/\/www.genius-akademie.de\/index.php?rest_route=\/wp\/v2\/types\/page"}],"author":[{"embeddable":true,"href":"https:\/\/www.genius-akademie.de\/index.php?rest_route=\/wp\/v2\/users\/3"}],"replies":[{"embeddable":true,"href":"https:\/\/www.genius-akademie.de\/index.php?rest_route=%2Fwp%2Fv2%2Fcomments&post=88"}],"version-history":[{"count":63,"href":"https:\/\/www.genius-akademie.de\/index.php?rest_route=\/wp\/v2\/pages\/88\/revisions"}],"predecessor-version":[{"id":2328,"href":"https:\/\/www.genius-akademie.de\/index.php?rest_route=\/wp\/v2\/pages\/88\/revisions\/2328"}],"up":[{"embeddable":true,"href":"https:\/\/www.genius-akademie.de\/index.php?rest_route=\/wp\/v2\/pages\/86"}],"wp:attachment":[{"href":"https:\/\/www.genius-akademie.de\/index.php?rest_route=%2Fwp%2Fv2%2Fmedia&parent=88"}],"curies":[{"name":"wp","href":"https:\/\/api.w.org\/{rel}","templated":true}]}}