{"id":86,"date":"2013-06-10T05:58:50","date_gmt":"2013-06-10T03:58:50","guid":{"rendered":"http:\/\/www.genius-akademie.com\/?page_id=86"},"modified":"2019-01-04T17:35:39","modified_gmt":"2019-01-04T15:35:39","slug":"fluke-cctt","status":"publish","type":"page","link":"https:\/\/www.genius-akademie.de\/?page_id=86","title":{"rendered":"Fluke CCTT"},"content":{"rendered":"<p><b><a href=\"http:\/\/www.genius-akademie.com\/wp-content\/uploads\/2013\/06\/cctt.jpg\"><img loading=\"lazy\" decoding=\"async\" class=\"alignright size-full wp-image-271\" style=\"border: 0px none;\" src=\"http:\/\/www.genius-akademie.com\/wp-content\/uploads\/2013\/06\/cctt.jpg\" alt=\"cctt\" width=\"180\" height=\"180\" srcset=\"https:\/\/www.genius-akademie.de\/wp-content\/uploads\/2013\/06\/cctt.jpg 180w, https:\/\/www.genius-akademie.de\/wp-content\/uploads\/2013\/06\/cctt-150x150.jpg 150w\" sizes=\"(max-width: 180px) 100vw, 180px\" \/><\/a><span style=\"font-family: arial,helvetica,sans-serif; font-size: 16px;\">Sind Sie fit f\u00fcr die Zukunft?<\/span><\/b><\/p>\n<p><span style=\"font-family: arial,helvetica,sans-serif; font-size: 16px;\">Damit Sie zuk\u00fcnftig bei der Installation und Zertifizierung strukturierter Kupfer- und LWL-Verkabelungen konkurrenzf\u00e4hig bleiben, m\u00fcssen Ihre Mitarbeiter geschult und zertifiziert sein.<\/span><\/p>\n<p><span style=\"font-family: arial,helvetica,sans-serif; font-size: 16px;\">Eine Investition in das <strong>Fluke-CCTT-Programm<\/strong> <b>(Certified Cabling Test Technician&#x2122;)<\/b> verbessert nicht nur das Verst\u00e4ndnis der Installateure, Planer und Endkunden, sondern steigert auch deren Effektivit\u00e4t und Produktivit\u00e4t bei der Pr\u00fcfung, Zertifizierung und <\/span><span style=\"font-family: arial,helvetica,sans-serif; font-size: 16px;\">Diagnose von Verkabelungen.<\/span><\/p>\n<p><span style=\"font-family: arial,helvetica,sans-serif; font-size: 16px;\">Die GENIUS Akademie ist der offizielle und zertifizierte Seminaranbieter f\u00fcr die CCTT-Zertifizierung in <strong>Deutschland und \u00d6sterreich.<\/strong> Bisher haben \u00fcber <b>2000\u00a0Teilnehmer aus mehr als 350 Unternehmen<\/b> das CCTT-Zertifizierungsprogramm durchlaufen.<\/span><\/p>\n<p><span style=\"font-family: arial,helvetica,sans-serif; font-size: 16px;\"><b>Stimmen der Teilnehmer:<\/b><\/span><\/p>\n<ul style=\"list-style-type: disc;\">\n<li><span style=\"font-family: arial,helvetica,sans-serif; font-size: 16px;\">Der Tag hat sich voll gelohnt.<\/span><\/li>\n<li><span style=\"font-family: arial,helvetica,sans-serif; font-size: 16px;\">Ich habe heute einen ganz neuen Bezug zu meinem Messger\u00e4t bekommen.<\/span><\/li>\n<li><span style=\"font-family: arial,helvetica,sans-serif; font-size: 16px;\">Dieser Seminartag ist mit einer reinen Ger\u00e4teeinweisung nicht zu vergleichen.<\/span><\/li>\n<li><span style=\"font-family: arial,helvetica,sans-serif; font-size: 16px;\">Wir h\u00e4tten uns durch eine fr\u00fchere Teilnahme viel \u00c4rger ersparen k\u00f6nnen.<\/span><\/li>\n<li><span style=\"font-family: arial,helvetica,sans-serif; font-size: 16px;\">Gut fand ich, dass das Seminar so durchgef\u00fchrt wurde, dass ich die gewonnenen Erkenntnisse direkt anwenden kann.<\/span><\/li>\n<li><span style=\"font-family: arial,helvetica,sans-serif; font-size: 16px;\">Ich werde auch in Zukunft Ihre angebotene Unterst\u00fctzung in Anspruch nehmen.<\/span><\/li>\n<li><span style=\"font-family: arial,helvetica,sans-serif; font-size: 16px;\">Ich darf gar nicht daran denken, wie viel Zeit und Geld wir schon durch eigene Unwissenheit in den Sand gesetzt haben.<\/span><\/li>\n<li><span style=\"font-family: arial,helvetica,sans-serif; font-size: 16px;\">Wir haben jetzt endlich mehr Sicherheit, um uns auch mal bei falschen Anschuldigungen unseres Auftraggebers zur Wehr zu setzen.<\/span><\/li>\n<li><span style=\"font-family: arial,helvetica,sans-serif; font-size: 16px;\">Der Tag war f\u00fcr Kupfer und LWL einfach zu kurz, man sollte besser Kupfer und LWL trennen und zwei Tage anbieten.<\/span><\/li>\n<li><span style=\"font-family: arial,helvetica,sans-serif; font-size: 16px;\">Durch Unwissenheit und falsche Einstellungen im Messger\u00e4t haben wir letztes Jahr \u00fcber 100.000 Euro &#8222;aus dem Fenster geworfen&#8220;!<\/span><\/li>\n<li><span style=\"font-family: arial,helvetica,sans-serif; font-size: 16px;\">Wir haben den Messtechnikworkshop vor dem Kauf durchgef\u00fchrt und haben dadurch erfahren, auf was wir alles achten m\u00fcssen &#8211; das hat uns bei der Entscheidungsfindung sehr geholfen.<\/span><\/li>\n<\/ul>\n<p><span style=\"font-family: arial,helvetica,sans-serif; font-size: 16px;\"><b><br \/>\n<span style=\"color: #ff0000;\">Praxisorientierte Schulung und Zertifizierung !<\/span><\/b><\/span><\/p>\n<p><span style=\"font-family: arial,helvetica,sans-serif; font-size: 16px;\"><b>Der effektive CCTT-Lehrgang von Fluke Networks besteht aus drei Teilen:\u00a0<\/b><\/span><\/p>\n<ul style=\"list-style-type: disc;\">\n<li><span style=\"font-family: arial,helvetica,sans-serif; font-size: 16px;\">Vermittlung der zur Bedienung und Auswertung notwendigen Grundlagen<\/span><\/li>\n<li><span style=\"font-family: arial,helvetica,sans-serif; font-size: 16px;\">praktische \u00dcbungen inkl. Fehleranalyse<\/span><\/li>\n<li><span style=\"font-family: arial,helvetica,sans-serif; font-size: 16px;\">Abschlusspr\u00fcfung \/ Zertifizierung.<\/span><\/li>\n<\/ul>\n<p><span style=\"font-family: arial,helvetica,sans-serif; font-size: 16px;\">\u00a0<\/span><\/p>\n<p><span style=\"font-family: arial,helvetica,sans-serif; font-size: 16px;\"><b>Teilnehmer, die den Lehrgang abschlie\u00dfen:<\/b><\/span><\/p>\n<ul>\n<li><span style=\"font-family: arial,helvetica,sans-serif; font-size: 16px;\">erwerben umfassende Kenntnisse \u00fcber die Bedienung des DTX-1800 \/ DSX-5000 \/ DSX-8000 \/\u00a0OptiFiber Pro \/ CertiFiber Pro<br \/>\n<\/span><\/li>\n<li><span style=\"font-family: arial,helvetica,sans-serif; font-size: 16px;\">erfahren die Bedeutung der einzelnen Messparameter<\/span><\/li>\n<li><span style=\"font-family: arial,helvetica,sans-serif; font-size: 16px;\">stellen ihr erworbenes Wissen in Fehleranalysen unter Beweis<\/span><\/li>\n<li><span style=\"font-family: arial,helvetica,sans-serif; font-size: 16px;\">gewinnen die notwendige Sicherheit im Umgang mit den Fluke-Messger\u00e4ten<\/span><\/li>\n<li><span style=\"font-family: arial,helvetica,sans-serif; font-size: 16px;\">kommen bei der Fehleranalyse schneller zum Ziel<\/span><\/li>\n<li><span style=\"font-family: arial,helvetica,sans-serif; font-size: 16px;\">lernen, die leistungsstarken und einmaligen Diagnose- und Analyse-Funktionen des DTX-1800 \/ DSX-5000 \/ DSX-8000 \/ OptiFiber Pro und CertiFiber Pro zu nutzen, um Verkabelungen professionell, termingerecht und Kosten sparend zu zertifizieren<\/span><\/li>\n<li><span style=\"font-family: arial,helvetica,sans-serif; font-size: 16px;\">wissen mehr als andere und steigern dadurch ihren Marktwert<\/span><\/li>\n<\/ul>\n<p><span style=\"font-family: arial,helvetica,sans-serif; font-size: 16px;\">\u00a0<\/span><\/p>\n<p><span style=\"color: #ff0000; font-family: arial,helvetica,sans-serif; font-size: 16px;\"><b>Minimaler Zeitaufwand &#8211; optimaler Nutzen !<br \/>\n<\/b><\/span><\/p>\n<p><span style=\"font-family: arial,helvetica,sans-serif; font-size: 16px;\"><b>Zeit ist Geld !<\/b><\/span><\/p>\n<p><span style=\"font-family: arial,helvetica,sans-serif; font-size: 16px;\">Aus diesem Grund wurde der urspr\u00fcngliche Lehrgang zum CCTT auf einen Tag beschr\u00e4nkt. Durch die st\u00e4ndige Erweiterung des DTX-1800 im Bereich der Glasfasermesstechnik und der Hinzunahme des neuen Versiv-Familie ist es jedoch anzuraten, sowohl f\u00fcr Kupfer als auch f\u00fcr LWL einen eigenen Seminartag einzuplanen. Ein sehr erfolgreiches Modell ist auch die Wahl von 2 Tagen f\u00fcr das Thema Kupfer bzw. LWL. Am ersten Tag vertrauen wir Sie mir den Messger\u00e4ten und der Theorie und am anderen Tage gehen wir mit Ihnen ins Feld. Wir begleiten Sie bei der Durchf\u00fchrung einer Abnahme oder Begutachtung und geben Ihnen zus\u00e4tzlich wertvolle Tipps, auch \u00fcber die reine Messtechnik hinaus. Mit der Wahl der Trainer hat Fluke Networks daf\u00fcr Sorge getragen, dass das Seminar optimal gestaltet und ein maximaler Nutzen f\u00fcr den Teilnehmer erzielt wird.<\/span><\/p>\n<p>&nbsp;<\/p>\n","protected":false},"excerpt":{"rendered":"<p>Sind Sie fit f\u00fcr die Zukunft? Damit Sie zuk\u00fcnftig bei der Installation und Zertifizierung strukturierter Kupfer- und LWL-Verkabelungen konkurrenzf\u00e4hig bleiben, m\u00fcssen Ihre Mitarbeiter geschult und zertifiziert sein. Eine Investition in das Fluke-CCTT-Programm (Certified Cabling Test Technician&#x2122;) verbessert nicht nur das Verst\u00e4ndnis der Installateure, Planer und Endkunden, sondern steigert auch deren Effektivit\u00e4t und Produktivit\u00e4t bei der &hellip; <\/p>\n<p><a class=\"more-link btn\" href=\"https:\/\/www.genius-akademie.de\/?page_id=86\">Weiterlesen<\/a><\/p>\n","protected":false},"author":3,"featured_media":0,"parent":0,"menu_order":4,"comment_status":"closed","ping_status":"closed","template":"","meta":{"footnotes":""},"_links":{"self":[{"href":"https:\/\/www.genius-akademie.de\/index.php?rest_route=\/wp\/v2\/pages\/86"}],"collection":[{"href":"https:\/\/www.genius-akademie.de\/index.php?rest_route=\/wp\/v2\/pages"}],"about":[{"href":"https:\/\/www.genius-akademie.de\/index.php?rest_route=\/wp\/v2\/types\/page"}],"author":[{"embeddable":true,"href":"https:\/\/www.genius-akademie.de\/index.php?rest_route=\/wp\/v2\/users\/3"}],"replies":[{"embeddable":true,"href":"https:\/\/www.genius-akademie.de\/index.php?rest_route=%2Fwp%2Fv2%2Fcomments&post=86"}],"version-history":[{"count":17,"href":"https:\/\/www.genius-akademie.de\/index.php?rest_route=\/wp\/v2\/pages\/86\/revisions"}],"predecessor-version":[{"id":270,"href":"https:\/\/www.genius-akademie.de\/index.php?rest_route=\/wp\/v2\/pages\/86\/revisions\/270"}],"wp:attachment":[{"href":"https:\/\/www.genius-akademie.de\/index.php?rest_route=%2Fwp%2Fv2%2Fmedia&parent=86"}],"curies":[{"name":"wp","href":"https:\/\/api.w.org\/{rel}","templated":true}]}}