{"id":77,"date":"2013-06-10T05:56:04","date_gmt":"2013-06-10T03:56:04","guid":{"rendered":"http:\/\/www.genius-akademie.com\/?page_id=77"},"modified":"2018-05-25T17:48:09","modified_gmt":"2018-05-25T15:48:09","slug":"schulung-zertifizierung","status":"publish","type":"page","link":"https:\/\/www.genius-akademie.de\/?page_id=77","title":{"rendered":"Schulung &#038; Zertifizierung"},"content":{"rendered":"<p><a href=\"https:\/\/www.genius-akademie.de\/wp-content\/uploads\/2013\/06\/seminar.jpg\"><img loading=\"lazy\" decoding=\"async\" class=\"alignright wp-image-267 size-full\" style=\"border: 0px none;\" src=\"https:\/\/www.genius-akademie.de\/wp-content\/uploads\/2013\/06\/seminar.jpg\" alt=\"\" width=\"180\" height=\"113\" \/><\/a><span style=\"font-family: arial,helvetica,sans-serif; font-size: 16px;\">Die GENIUS Akademie bietet neben festen Seminarmodulen auch die auf Ihre W\u00fcnsche passenden Seminarinhalte an.<\/span><\/p>\n<p><span style=\"font-family: arial,helvetica,sans-serif; font-size: 16px;\">Durch erfahrene Referenten wird ein gro\u00dfer Fundus aus den aktuellen Themen rund um die Informationstechnik und die Geb\u00e4udeinfrastruktur angeboten.<\/span><\/p>\n<p><span style=\"font-family: arial,helvetica,sans-serif; font-size: 16px;\">Seminare der GENIUS Akademie zeichnen sich dadurch aus, dass auch eine Betreuung des Seminarteilnehmers im Anschluss an die Seminartage angeboten wird.<\/span><\/p>\n<p><span style=\"font-family: arial,helvetica,sans-serif; font-size: 16px;\">\u00a0<\/span><br \/>\n<span style=\"font-family: arial,helvetica,sans-serif; font-size: 16px;\"> <b>Folgende Schulungs- bzw. Workshopmodule bietet die GENIUS Akademie standardm\u00e4\u00dfig an:<\/b><\/span><\/p>\n<p><span style=\"font-family: arial,helvetica,sans-serif; font-size: 16px;\"><strong>Modul 1:\u00a0\u00a0\u00a0\u00a0\u00a0\u00a0\u00a0\u00a0 Fluke Certified Cabling Test Technican (CCTT)<\/strong><\/span><\/p>\n<p><span style=\"font-family: arial,helvetica,sans-serif; font-size: 16px;\"><strong>Modul 2:\u00a0\u00a0\u00a0\u00a0\u00a0\u00a0\u00a0\u00a0 GCI (GENIUS Certified Installer)<\/strong><\/span><\/p>\n<p><span style=\"font-family: arial,helvetica,sans-serif; font-size: 16px;\"><strong>Modul 3:\u00a0\u00a0\u00a0\u00a0\u00a0\u00a0\u00a0\u00a0 GCS (GENIUS <\/strong><strong>Certified Specialist)<\/strong><\/span><\/p>\n<p><span style=\"font-family: arial,helvetica,sans-serif; font-size: 16px;\"><strong>Modul 4:\u00a0\u00a0\u00a0\u00a0\u00a0 \u00a0\u00a0 W-LAN (Wireless-LAN)<\/strong><\/span><\/p>\n<p><span style=\"font-family: arial,helvetica,sans-serif; font-size: 16px;\"><strong>Modul 5:\u00a0\u00a0\u00a0\u00a0 \u00a0 \u00a0 EMV in der Geb\u00e4udeinstallation<\/strong><\/span><\/p>\n","protected":false},"excerpt":{"rendered":"<p>Die GENIUS Akademie bietet neben festen Seminarmodulen auch die auf Ihre W\u00fcnsche passenden Seminarinhalte an. Durch erfahrene Referenten wird ein gro\u00dfer Fundus aus den aktuellen Themen rund um die Informationstechnik und die Geb\u00e4udeinfrastruktur angeboten. Seminare der GENIUS Akademie zeichnen sich dadurch aus, dass auch eine Betreuung des Seminarteilnehmers im Anschluss an die Seminartage angeboten wird. &hellip; <\/p>\n<p><a class=\"more-link btn\" href=\"https:\/\/www.genius-akademie.de\/?page_id=77\">Weiterlesen<\/a><\/p>\n","protected":false},"author":3,"featured_media":0,"parent":51,"menu_order":5,"comment_status":"closed","ping_status":"closed","template":"","meta":{"footnotes":""},"_links":{"self":[{"href":"https:\/\/www.genius-akademie.de\/index.php?rest_route=\/wp\/v2\/pages\/77"}],"collection":[{"href":"https:\/\/www.genius-akademie.de\/index.php?rest_route=\/wp\/v2\/pages"}],"about":[{"href":"https:\/\/www.genius-akademie.de\/index.php?rest_route=\/wp\/v2\/types\/page"}],"author":[{"embeddable":true,"href":"https:\/\/www.genius-akademie.de\/index.php?rest_route=\/wp\/v2\/users\/3"}],"replies":[{"embeddable":true,"href":"https:\/\/www.genius-akademie.de\/index.php?rest_route=%2Fwp%2Fv2%2Fcomments&post=77"}],"version-history":[{"count":13,"href":"https:\/\/www.genius-akademie.de\/index.php?rest_route=\/wp\/v2\/pages\/77\/revisions"}],"predecessor-version":[{"id":2273,"href":"https:\/\/www.genius-akademie.de\/index.php?rest_route=\/wp\/v2\/pages\/77\/revisions\/2273"}],"up":[{"embeddable":true,"href":"https:\/\/www.genius-akademie.de\/index.php?rest_route=\/wp\/v2\/pages\/51"}],"wp:attachment":[{"href":"https:\/\/www.genius-akademie.de\/index.php?rest_route=%2Fwp%2Fv2%2Fmedia&parent=77"}],"curies":[{"name":"wp","href":"https:\/\/api.w.org\/{rel}","templated":true}]}}