{"id":75,"date":"2013-06-10T05:55:18","date_gmt":"2013-06-10T03:55:18","guid":{"rendered":"http:\/\/www.genius-akademie.com\/?page_id=75"},"modified":"2018-05-25T17:26:30","modified_gmt":"2018-05-25T15:26:30","slug":"know-how-transfer","status":"publish","type":"page","link":"https:\/\/www.genius-akademie.de\/?page_id=75","title":{"rendered":"Know-How Transfer"},"content":{"rendered":"<p style=\"text-align: center;\"><span style=\"font-family: arial,helvetica,sans-serif; font-size: 16px;\">Ein IT-Betreiberkonzept ist ein Werkzeug, um aus eigener Kraft und kosteneffizient die Sicherheit\u00a0seiner informationstechnischen Anlagen zu gew\u00e4hrleisten. Das Thema Sicherheit wird in vielen Unternehmen aufgrund fehlendem Personalbestand, erh\u00f6hten Kosten und des komplexer werdenden Themengebietes zu sehr vernachl\u00e4ssigt. Die GENIUS Akademie als Know-How-Tr\u00e4ger in der IT hilft Ihnen beim Aufbau eines auf Ihre Bed\u00fcrfnisse zugeschnittenen Qualit\u00e4tssicherungs-konzeptes als elementarer Teil eines IT-Betreiberkonzeptes. <strong>Nachfolgende Abbildung zeigt beispielhaft die einzelnen Phasen unserer Herangehensweise:<\/strong><\/span><b><span style=\"font-family: arial,helvetica,sans-serif; font-size: 16px;\">\u00a0<\/span><a href=\"https:\/\/www.genius-akademie.de\/wp-content\/uploads\/2013\/06\/qs-konzept3.jpg\"><img loading=\"lazy\" decoding=\"async\" class=\"wp-image-252 size-full aligncenter\" style=\"border: 0px none;\" src=\"https:\/\/www.genius-akademie.de\/wp-content\/uploads\/2013\/06\/qs-konzept3.jpg\" alt=\"\" width=\"800\" height=\"674\" srcset=\"https:\/\/www.genius-akademie.de\/wp-content\/uploads\/2013\/06\/qs-konzept3.jpg 800w, https:\/\/www.genius-akademie.de\/wp-content\/uploads\/2013\/06\/qs-konzept3-300x252.jpg 300w, https:\/\/www.genius-akademie.de\/wp-content\/uploads\/2013\/06\/qs-konzept3-510x429.jpg 510w\" sizes=\"(max-width: 800px) 100vw, 800px\" \/><\/a><\/b><\/p>\n","protected":false},"excerpt":{"rendered":"<p>Ein IT-Betreiberkonzept ist ein Werkzeug, um aus eigener Kraft und kosteneffizient die Sicherheit\u00a0seiner informationstechnischen Anlagen zu gew\u00e4hrleisten. Das Thema Sicherheit wird in vielen Unternehmen aufgrund fehlendem Personalbestand, erh\u00f6hten Kosten und des komplexer werdenden Themengebietes zu sehr vernachl\u00e4ssigt. Die GENIUS Akademie als Know-How-Tr\u00e4ger in der IT hilft Ihnen beim Aufbau eines auf Ihre Bed\u00fcrfnisse zugeschnittenen Qualit\u00e4tssicherungs-konzeptes &hellip; <\/p>\n<p><a class=\"more-link btn\" href=\"https:\/\/www.genius-akademie.de\/?page_id=75\">Weiterlesen<\/a><\/p>\n","protected":false},"author":3,"featured_media":0,"parent":51,"menu_order":2,"comment_status":"closed","ping_status":"closed","template":"","meta":{"footnotes":""},"_links":{"self":[{"href":"https:\/\/www.genius-akademie.de\/index.php?rest_route=\/wp\/v2\/pages\/75"}],"collection":[{"href":"https:\/\/www.genius-akademie.de\/index.php?rest_route=\/wp\/v2\/pages"}],"about":[{"href":"https:\/\/www.genius-akademie.de\/index.php?rest_route=\/wp\/v2\/types\/page"}],"author":[{"embeddable":true,"href":"https:\/\/www.genius-akademie.de\/index.php?rest_route=\/wp\/v2\/users\/3"}],"replies":[{"embeddable":true,"href":"https:\/\/www.genius-akademie.de\/index.php?rest_route=%2Fwp%2Fv2%2Fcomments&post=75"}],"version-history":[{"count":11,"href":"https:\/\/www.genius-akademie.de\/index.php?rest_route=\/wp\/v2\/pages\/75\/revisions"}],"predecessor-version":[{"id":2270,"href":"https:\/\/www.genius-akademie.de\/index.php?rest_route=\/wp\/v2\/pages\/75\/revisions\/2270"}],"up":[{"embeddable":true,"href":"https:\/\/www.genius-akademie.de\/index.php?rest_route=\/wp\/v2\/pages\/51"}],"wp:attachment":[{"href":"https:\/\/www.genius-akademie.de\/index.php?rest_route=%2Fwp%2Fv2%2Fmedia&parent=75"}],"curies":[{"name":"wp","href":"https:\/\/api.w.org\/{rel}","templated":true}]}}