{"id":73,"date":"2013-06-10T05:54:47","date_gmt":"2013-06-10T03:54:47","guid":{"rendered":"http:\/\/www.genius-akademie.com\/?page_id=73"},"modified":"2018-05-25T17:27:03","modified_gmt":"2018-05-25T15:27:03","slug":"netzwerk-check","status":"publish","type":"page","link":"https:\/\/www.genius-akademie.de\/?page_id=73","title":{"rendered":"Netzwerk-Check"},"content":{"rendered":"<p><span style=\"font-family: arial,helvetica,sans-serif; font-size: 16px;\"><strong>Kennen Sie eigentlich den Zustand Ihres Netzwerkes ?<\/strong><\/span><\/p>\n<p><span style=\"font-family: arial,helvetica,sans-serif; font-size: 16px;\"><b><br \/>\n<\/b><strong><a style=\"color: #074d7c; cursor: pointer;\" href=\"https:\/\/www.genius-akademie.de\/wp-content\/uploads\/2013\/06\/lupe.jpg\"><img loading=\"lazy\" decoding=\"async\" class=\"alignright wp-image-257 size-full\" style=\"border: 0px none;\" src=\"https:\/\/www.genius-akademie.de\/wp-content\/uploads\/2013\/06\/lupe.jpg\" alt=\"\" width=\"180\" height=\"114\" \/><\/a><\/strong> Wer sich nicht durch (bauliche) Ver\u00e4nderungen im eigenen Geb\u00e4ude bzw. in benachbarten Geb\u00e4uden oder durch den Austausch aktiver Komponenten \u00fcberraschen lassen m\u00f6chte, der sollte sich schon rechtzeitig Gedanken \u00fcber die Stabilit\u00e4t und die Leistungsf\u00e4higkeiten seiner IT-Infrastruktur machen.<\/span><\/p>\n<p><span style=\"font-family: arial,helvetica,sans-serif; font-size: 16px;\">In den meisten Projekten sind markt\u00fcbliche Abnahmeprozedere nach Norm nicht ausreichend, um die Qualit\u00e4t hochverf\u00fcgbarer Datennetze zu bewerten. Trouble-Shooting im Netzwerk in Verbindung mit erweiterten Qualit\u00e4tssicherungsma\u00dfnahmen bringen Ihnen erst die Gewissheit, an welchen Stellen sich noch Qualit\u00e4tsl\u00fccken auftun.<\/span><\/p>\n<p><strong><span style=\"font-family: arial,helvetica,sans-serif; font-size: 16px;\">Die GENIUS Akademie bietet Ihnen mit dem Netzwerk-Check ein ideales Werkzeug an, die m\u00f6glichen Schw\u00e4chen in Ihrem gesamten Netzwerk transparent zu machen.<\/span><br \/>\n<\/strong><\/p>\n","protected":false},"excerpt":{"rendered":"<p>Kennen Sie eigentlich den Zustand Ihres Netzwerkes ? Wer sich nicht durch (bauliche) Ver\u00e4nderungen im eigenen Geb\u00e4ude bzw. in benachbarten Geb\u00e4uden oder durch den Austausch aktiver Komponenten \u00fcberraschen lassen m\u00f6chte, der sollte sich schon rechtzeitig Gedanken \u00fcber die Stabilit\u00e4t und die Leistungsf\u00e4higkeiten seiner IT-Infrastruktur machen. In den meisten Projekten sind markt\u00fcbliche Abnahmeprozedere nach Norm nicht &hellip; <\/p>\n<p><a class=\"more-link btn\" href=\"https:\/\/www.genius-akademie.de\/?page_id=73\">Weiterlesen<\/a><\/p>\n","protected":false},"author":3,"featured_media":0,"parent":51,"menu_order":3,"comment_status":"closed","ping_status":"closed","template":"","meta":{"footnotes":""},"_links":{"self":[{"href":"https:\/\/www.genius-akademie.de\/index.php?rest_route=\/wp\/v2\/pages\/73"}],"collection":[{"href":"https:\/\/www.genius-akademie.de\/index.php?rest_route=\/wp\/v2\/pages"}],"about":[{"href":"https:\/\/www.genius-akademie.de\/index.php?rest_route=\/wp\/v2\/types\/page"}],"author":[{"embeddable":true,"href":"https:\/\/www.genius-akademie.de\/index.php?rest_route=\/wp\/v2\/users\/3"}],"replies":[{"embeddable":true,"href":"https:\/\/www.genius-akademie.de\/index.php?rest_route=%2Fwp%2Fv2%2Fcomments&post=73"}],"version-history":[{"count":7,"href":"https:\/\/www.genius-akademie.de\/index.php?rest_route=\/wp\/v2\/pages\/73\/revisions"}],"predecessor-version":[{"id":2271,"href":"https:\/\/www.genius-akademie.de\/index.php?rest_route=\/wp\/v2\/pages\/73\/revisions\/2271"}],"up":[{"embeddable":true,"href":"https:\/\/www.genius-akademie.de\/index.php?rest_route=\/wp\/v2\/pages\/51"}],"wp:attachment":[{"href":"https:\/\/www.genius-akademie.de\/index.php?rest_route=%2Fwp%2Fv2%2Fmedia&parent=73"}],"curies":[{"name":"wp","href":"https:\/\/api.w.org\/{rel}","templated":true}]}}