{"id":71,"date":"2013-06-10T05:54:22","date_gmt":"2013-06-10T03:54:22","guid":{"rendered":"http:\/\/www.genius-akademie.com\/?page_id=71"},"modified":"2018-05-25T17:49:34","modified_gmt":"2018-05-25T15:49:34","slug":"qualitatsanalyse","status":"publish","type":"page","link":"https:\/\/www.genius-akademie.de\/?page_id=71","title":{"rendered":"Qualit\u00e4tsanalyse"},"content":{"rendered":"<p><a style=\"color: #074d7c; cursor: pointer;\" href=\"https:\/\/www.genius-akademie.de\/wp-content\/uploads\/2013\/06\/schwaechstes_glied.jpg\"><img loading=\"lazy\" decoding=\"async\" class=\"alignright wp-image-240 size-full\" style=\"border: 0px none;\" src=\"https:\/\/www.genius-akademie.de\/wp-content\/uploads\/2013\/06\/schwaechstes_glied.jpg\" alt=\"\" width=\"180\" height=\"113\" \/><\/a><\/p>\n<p><span style=\"font-family: arial,helvetica,sans-serif; font-size: 16px;\">Das schw\u00e4chste Glied in der Kette bestimmt die Leistungsf\u00e4higkeit Ihrer Datenautobahnen. Nicht selten sind Kleinigkeiten die Ursache f\u00fcr\u00a0kostspielige Netzausf\u00e4lle.<\/span><\/p>\n<p><span style=\"font-family: arial,helvetica,sans-serif; font-size: 16px;\">Die reine Betrachtung der Qualit\u00e4t der Einzelkomponente ist heute aufgrund immer h\u00f6herer Datenraten und physikalischer Zusammenh\u00e4nge zwischen den Gewerken innerhalb eines Geb\u00e4udes nicht mehr zeitgem\u00e4\u00df \u2013\u00a0<strong>das komplette System muss hinterfragt werden.\u00a0<\/strong><\/span><\/p>\n<p><span style=\"font-family: arial,helvetica,sans-serif; font-size: 16px;\"><strong>Mechanische Kompatibilit\u00e4t<\/strong>, die Auswirkungen der Umgebung auf das System (<strong>MICE-Konzept<\/strong>) sowie die <strong>Lan<\/strong><strong>glebigkeit von Kabel und Komponente<\/strong>\u00a0sind ebenso wichtige Faktoren zur Gew\u00e4hrleistung einer hohen Betriebssicherheit.<\/span><\/p>\n<p><span style=\"font-family: arial,helvetica,sans-serif; font-size: 16px;\"><strong>Mit unserer langj\u00e4hrigen Erfahrung in der Zertifizierung von Einzelkomponenten und Systemen unterst\u00fctzen wir Sie bei der Suche und der Definition hochwertiger Produkte zum Aufbau einer hochverf\u00fcgbaren und langlebigen Geb\u00e4udeinfrastruktur.<\/strong><\/span><\/p>\n","protected":false},"excerpt":{"rendered":"<p>Das schw\u00e4chste Glied in der Kette bestimmt die Leistungsf\u00e4higkeit Ihrer Datenautobahnen. Nicht selten sind Kleinigkeiten die Ursache f\u00fcr\u00a0kostspielige Netzausf\u00e4lle. Die reine Betrachtung der Qualit\u00e4t der Einzelkomponente ist heute aufgrund immer h\u00f6herer Datenraten und physikalischer Zusammenh\u00e4nge zwischen den Gewerken innerhalb eines Geb\u00e4udes nicht mehr zeitgem\u00e4\u00df \u2013\u00a0das komplette System muss hinterfragt werden.\u00a0 Mechanische Kompatibilit\u00e4t, die Auswirkungen der &hellip; <\/p>\n<p><a class=\"more-link btn\" href=\"https:\/\/www.genius-akademie.de\/?page_id=71\">Weiterlesen<\/a><\/p>\n","protected":false},"author":3,"featured_media":0,"parent":51,"menu_order":7,"comment_status":"closed","ping_status":"closed","template":"","meta":{"footnotes":""},"_links":{"self":[{"href":"https:\/\/www.genius-akademie.de\/index.php?rest_route=\/wp\/v2\/pages\/71"}],"collection":[{"href":"https:\/\/www.genius-akademie.de\/index.php?rest_route=\/wp\/v2\/pages"}],"about":[{"href":"https:\/\/www.genius-akademie.de\/index.php?rest_route=\/wp\/v2\/types\/page"}],"author":[{"embeddable":true,"href":"https:\/\/www.genius-akademie.de\/index.php?rest_route=\/wp\/v2\/users\/3"}],"replies":[{"embeddable":true,"href":"https:\/\/www.genius-akademie.de\/index.php?rest_route=%2Fwp%2Fv2%2Fcomments&post=71"}],"version-history":[{"count":12,"href":"https:\/\/www.genius-akademie.de\/index.php?rest_route=\/wp\/v2\/pages\/71\/revisions"}],"predecessor-version":[{"id":2275,"href":"https:\/\/www.genius-akademie.de\/index.php?rest_route=\/wp\/v2\/pages\/71\/revisions\/2275"}],"up":[{"embeddable":true,"href":"https:\/\/www.genius-akademie.de\/index.php?rest_route=\/wp\/v2\/pages\/51"}],"wp:attachment":[{"href":"https:\/\/www.genius-akademie.de\/index.php?rest_route=%2Fwp%2Fv2%2Fmedia&parent=71"}],"curies":[{"name":"wp","href":"https:\/\/api.w.org\/{rel}","templated":true}]}}