{"id":67,"date":"2013-06-10T05:52:30","date_gmt":"2013-06-10T03:52:30","guid":{"rendered":"http:\/\/www.genius-akademie.com\/?page_id=67"},"modified":"2018-05-25T17:27:43","modified_gmt":"2018-05-25T15:27:43","slug":"planung-consulting","status":"publish","type":"page","link":"https:\/\/www.genius-akademie.de\/?page_id=67","title":{"rendered":"Planung &#038; Consulting"},"content":{"rendered":"<p><span style=\"font-family: arial,helvetica,sans-serif; font-size: 16px;\">Die strukturierte Geb\u00e4udeverkabelung hat in den letzten Jahren eine rasante Entwicklung zur\u00fcckgelegt.<\/span><\/p>\n<p><span style=\"font-family: arial,helvetica,sans-serif; font-size: 16px;\"><a style=\"color: #074d7c; cursor: pointer;\" href=\"https:\/\/www.genius-akademie.de\/wp-content\/uploads\/2013\/06\/planender_architekt.jpg\"><img loading=\"lazy\" decoding=\"async\" class=\"alignright wp-image-259 size-full\" style=\"border: 0px none;\" src=\"https:\/\/www.genius-akademie.de\/wp-content\/uploads\/2013\/06\/planender_architekt.jpg\" alt=\"\" width=\"180\" height=\"115\" \/><\/a><\/span><\/p>\n<p><span style=\"font-family: arial,helvetica,sans-serif; font-size: 16px;\">Die Themen der ersten Stunde wie\u00a0z.B. die Frage nach der Linkqualit\u00e4t, den ben\u00f6tigten Doppeladern oder der Bandbreite sind dabei immer mehr in den Hintergrund getreten.<\/span><\/p>\n<p><span style=\"font-family: arial,helvetica,sans-serif; font-size: 16px;\"><b>Die Entscheider von heute diskutieren \u00fcber kosten-, raum- und energieeffiziente sowie hochverf\u00fcgbare Infrastrukturen.<\/b><\/span><\/p>\n<p><span style=\"font-family: arial,helvetica,sans-serif; font-size: 16px;\">Langj\u00e4hrige Erfahrungen in den Bereichen Daten-, Sicherheits-, Klima- und Energietechnik sind die Basis f\u00fcr eine effektive Planung und Umsetzung der Infrastrukturen von morgen.<\/span><\/p>\n<p><span style=\"font-family: arial,helvetica,sans-serif; font-size: 16px;\">Die GENIUS Akademie ist hierf\u00fcr der ideale Partner zur Verwirklichung Ihrer Vorstellungen von einer zukunftsweisenden Vernetzung von Applikationen in der aktiven und passiven Netzwerktechnik als auch im Bereich der Sicherheitstechnik.<\/span><br \/>\n<span style=\"font-family: arial,helvetica,sans-serif; font-size: 16px;\"> <b><br \/>\n<\/b>Wir sind es gewohnt, im komplexen Umfeld zu arbeiten und dabei die Umsetzung vieler Schnittstellen zu anderen Gewerken zu koordinieren. Unser Wissen kommt speziell bei Migrationsprojekten zur Geltung, bei denen es h\u00e4ufig darum geht, hochverf\u00fcgbare Applikationen in die \u201eIP-Welt\u201c zu integrieren.<\/span><\/p>\n<p align=\"center\"><span style=\"font-family: arial,helvetica,sans-serif; font-size: 16px;\"><b>Wir handeln mit Erfahrung !<\/b><\/span><\/p>\n<p style=\"text-align: center;\"><span style=\"font-family: arial,helvetica,sans-serif; font-size: 16px;\"><strong>Wir optimieren f\u00fcr Sie als unabh\u00e4ngiger und verl\u00e4sslicher<\/strong><\/span><br \/>\n<span style=\"font-family: arial,helvetica,sans-serif; font-size: 16px;\"> <strong> Partner die Faktoren Kosten, Qualit\u00e4t und Zeit.<\/strong><\/span><\/p>\n<p style=\"text-align: center;\"><strong>\u00a0<\/strong><\/p>\n","protected":false},"excerpt":{"rendered":"<p>Die strukturierte Geb\u00e4udeverkabelung hat in den letzten Jahren eine rasante Entwicklung zur\u00fcckgelegt. Die Themen der ersten Stunde wie\u00a0z.B. die Frage nach der Linkqualit\u00e4t, den ben\u00f6tigten Doppeladern oder der Bandbreite sind dabei immer mehr in den Hintergrund getreten. Die Entscheider von heute diskutieren \u00fcber kosten-, raum- und energieeffiziente sowie hochverf\u00fcgbare Infrastrukturen. Langj\u00e4hrige Erfahrungen in den Bereichen &hellip; <\/p>\n<p><a class=\"more-link btn\" href=\"https:\/\/www.genius-akademie.de\/?page_id=67\">Weiterlesen<\/a><\/p>\n","protected":false},"author":3,"featured_media":0,"parent":51,"menu_order":4,"comment_status":"closed","ping_status":"closed","template":"","meta":{"footnotes":""},"_links":{"self":[{"href":"https:\/\/www.genius-akademie.de\/index.php?rest_route=\/wp\/v2\/pages\/67"}],"collection":[{"href":"https:\/\/www.genius-akademie.de\/index.php?rest_route=\/wp\/v2\/pages"}],"about":[{"href":"https:\/\/www.genius-akademie.de\/index.php?rest_route=\/wp\/v2\/types\/page"}],"author":[{"embeddable":true,"href":"https:\/\/www.genius-akademie.de\/index.php?rest_route=\/wp\/v2\/users\/3"}],"replies":[{"embeddable":true,"href":"https:\/\/www.genius-akademie.de\/index.php?rest_route=%2Fwp%2Fv2%2Fcomments&post=67"}],"version-history":[{"count":8,"href":"https:\/\/www.genius-akademie.de\/index.php?rest_route=\/wp\/v2\/pages\/67\/revisions"}],"predecessor-version":[{"id":2272,"href":"https:\/\/www.genius-akademie.de\/index.php?rest_route=\/wp\/v2\/pages\/67\/revisions\/2272"}],"up":[{"embeddable":true,"href":"https:\/\/www.genius-akademie.de\/index.php?rest_route=\/wp\/v2\/pages\/51"}],"wp:attachment":[{"href":"https:\/\/www.genius-akademie.de\/index.php?rest_route=%2Fwp%2Fv2%2Fmedia&parent=67"}],"curies":[{"name":"wp","href":"https:\/\/api.w.org\/{rel}","templated":true}]}}