{"id":65,"date":"2013-06-10T05:51:55","date_gmt":"2013-06-10T03:51:55","guid":{"rendered":"http:\/\/www.genius-akademie.com\/?page_id=65"},"modified":"2020-01-10T14:25:28","modified_gmt":"2020-01-10T12:25:28","slug":"it-handbucher","status":"publish","type":"page","link":"https:\/\/www.genius-akademie.de\/?page_id=65","title":{"rendered":"IT-Handb\u00fccher"},"content":{"rendered":"<p style=\"margin-top: 10px;\"><a style=\"color: #074d7c; cursor: pointer;\" href=\"https:\/\/www.genius-akademie.de\/wp-content\/uploads\/2013\/06\/anleitung.jpg\"><img loading=\"lazy\" decoding=\"async\" class=\"alignright wp-image-247 size-full\" style=\"border: 0px none;\" src=\"https:\/\/www.genius-akademie.de\/wp-content\/uploads\/2013\/06\/anleitung.jpg\" alt=\"\" width=\"180\" height=\"113\" \/><\/a><\/p>\n<p><span style=\"font-family: arial,helvetica,sans-serif; font-size: 16px;\">Datennetze werden immer komplexer. Datenraten steigen, Netzausf\u00e4lle werden immer wahrscheinlicher. Das Zeitalter, als man Netzwerke\u00a0\u201eso nebenbei\u201c durch den Elektrofachbetrieb hat planen und errichten lassen, ist l\u00e4ngst vorbei.<\/span><\/p>\n<p><span style=\"font-family: arial,helvetica,sans-serif; font-size: 16px;\">Wer heute hochverf\u00fcgbare Netzwerke plant und errichtet, muss sich auch im Detail zu Recht finden. Gewerke \u00fcbergreifende Denkweise ist angesagt.<\/span><\/p>\n<p><span style=\"font-family: arial,helvetica,sans-serif; font-size: 16px;\">Aus diesem Grund empfehlen wir unseren Kunden, die eigenen Anforderungen und die daraus resultierenden Anforderungen an das Einzelprodukt und das Gesamtsystem in einem IT-Handbuch zu dokumentieren. Sie schaffen somit eine ideale Plattform, um Ihre individuellen Anforderungen vor dem Projektbeginn auch nach dem Projektabschluss vorzufinden.<\/span><\/p>\n<p><span style=\"font-family: arial,helvetica,sans-serif; font-size: 16px;\"><b>Die GENIUS Akademie begleitet Sie gerne auf dem Weg zu Ihrem individuellen Verkabelungs- und Sicherheitsstandard.<\/b><\/span><\/p>\n","protected":false},"excerpt":{"rendered":"<p>Datennetze werden immer komplexer. Datenraten steigen, Netzausf\u00e4lle werden immer wahrscheinlicher. Das Zeitalter, als man Netzwerke\u00a0\u201eso nebenbei\u201c durch den Elektrofachbetrieb hat planen und errichten lassen, ist l\u00e4ngst vorbei. Wer heute hochverf\u00fcgbare Netzwerke plant und errichtet, muss sich auch im Detail zu Recht finden. Gewerke \u00fcbergreifende Denkweise ist angesagt. Aus diesem Grund empfehlen wir unseren Kunden, die &hellip; <\/p>\n<p><a class=\"more-link btn\" href=\"https:\/\/www.genius-akademie.de\/?page_id=65\">Weiterlesen<\/a><\/p>\n","protected":false},"author":3,"featured_media":0,"parent":51,"menu_order":1,"comment_status":"closed","ping_status":"closed","template":"","meta":{"footnotes":""},"_links":{"self":[{"href":"https:\/\/www.genius-akademie.de\/index.php?rest_route=\/wp\/v2\/pages\/65"}],"collection":[{"href":"https:\/\/www.genius-akademie.de\/index.php?rest_route=\/wp\/v2\/pages"}],"about":[{"href":"https:\/\/www.genius-akademie.de\/index.php?rest_route=\/wp\/v2\/types\/page"}],"author":[{"embeddable":true,"href":"https:\/\/www.genius-akademie.de\/index.php?rest_route=\/wp\/v2\/users\/3"}],"replies":[{"embeddable":true,"href":"https:\/\/www.genius-akademie.de\/index.php?rest_route=%2Fwp%2Fv2%2Fcomments&post=65"}],"version-history":[{"count":7,"href":"https:\/\/www.genius-akademie.de\/index.php?rest_route=\/wp\/v2\/pages\/65\/revisions"}],"predecessor-version":[{"id":2327,"href":"https:\/\/www.genius-akademie.de\/index.php?rest_route=\/wp\/v2\/pages\/65\/revisions\/2327"}],"up":[{"embeddable":true,"href":"https:\/\/www.genius-akademie.de\/index.php?rest_route=\/wp\/v2\/pages\/51"}],"wp:attachment":[{"href":"https:\/\/www.genius-akademie.de\/index.php?rest_route=%2Fwp%2Fv2%2Fmedia&parent=65"}],"curies":[{"name":"wp","href":"https:\/\/api.w.org\/{rel}","templated":true}]}}