{"id":60,"date":"2013-06-10T05:39:36","date_gmt":"2013-06-10T03:39:36","guid":{"rendered":"http:\/\/www.genius-akademie.com\/?page_id=60"},"modified":"2018-05-25T17:05:12","modified_gmt":"2018-05-25T15:05:12","slug":"zeitplan-einhalten","status":"publish","type":"page","link":"https:\/\/www.genius-akademie.de\/?page_id=60","title":{"rendered":"Zeitplan einhalten"},"content":{"rendered":"<p><span style=\"font-family: arial,helvetica,sans-serif; font-size: 16px;\"><b>Die Tatsachen:<a href=\"https:\/\/www.genius-akademie.de\/wp-content\/uploads\/2013\/07\/zeitot.jpg\"><img loading=\"lazy\" decoding=\"async\" class=\"alignright wp-image-157 size-full\" style=\"border: 0px none;\" src=\"https:\/\/www.genius-akademie.de\/wp-content\/uploads\/2013\/07\/zeitot.jpg\" alt=\"\" width=\"179\" height=\"111\" \/><\/a><\/b><\/span><\/p>\n<ul>\n<li><span style=\"font-family: arial,helvetica,sans-serif; font-size: 16px;\">Eine verl\u00e4ngerte Projektdauer bindet Ressourcen, die m\u00f6glicherweise f\u00fcr andere Projekte fehlen.<\/span><\/li>\n<li><span style=\"font-family: arial,helvetica,sans-serif; font-size: 16px;\">Die zus\u00e4tzlichen Ressourcen lassen die Projektkosten ansteigen.<\/span><\/li>\n<li><span style=\"font-family: arial,helvetica,sans-serif; font-size: 16px;\">Durch eine nicht termingerechte Fertigstellung leidet das Image<\/span><br \/>\n<span style=\"font-family: arial,helvetica,sans-serif; font-size: 16px;\"> beim Endkunden und internen Stellen.<\/span><\/li>\n<\/ul>\n<p><span style=\"font-family: arial,helvetica,sans-serif; font-size: 16px;\">\u00a0<\/span><\/p>\n<p><span style=\"font-family: arial,helvetica,sans-serif; font-size: 16px;\"><b>Unser L\u00f6sungsansatz:<\/b><\/span><\/p>\n<ul>\n<li><span style=\"font-family: arial,helvetica,sans-serif; font-size: 16px;\">Durch\u00a0<b>genaue Planung<\/b>\u00a0und einer realistischen Einsch\u00e4tzung des Aufwandes werden\u00a0<b>\u00dcberraschungen vermieden<\/b>.<\/span><\/li>\n<li><span style=\"font-family: arial,helvetica,sans-serif; font-size: 16px;\">Eine\u00a0<b>kontinuierliche Verfolgung der Termine<\/b>\u00a0und Actionpoints schafft\u00a0<b>Transparenz<\/b>\u00a0und h\u00e4lt das Projekt am Laufen.<\/span><\/li>\n<li><span style=\"font-family: arial,helvetica,sans-serif; font-size: 16px;\">Bei Ressourcenengp\u00e4ssen unterst\u00fctzen wir unseren Kunden, um Spitzen abzudecken.<\/span><\/li>\n<\/ul>\n<p><span style=\"font-family: arial,helvetica,sans-serif; font-size: 16px;\">\u00a0<\/span><\/p>\n","protected":false},"excerpt":{"rendered":"<p>Die Tatsachen: Eine verl\u00e4ngerte Projektdauer bindet Ressourcen, die m\u00f6glicherweise f\u00fcr andere Projekte fehlen. Die zus\u00e4tzlichen Ressourcen lassen die Projektkosten ansteigen. Durch eine nicht termingerechte Fertigstellung leidet das Image beim Endkunden und internen Stellen. \u00a0 Unser L\u00f6sungsansatz: Durch\u00a0genaue Planung\u00a0und einer realistischen Einsch\u00e4tzung des Aufwandes werden\u00a0\u00dcberraschungen vermieden. Eine\u00a0kontinuierliche Verfolgung der Termine\u00a0und Actionpoints schafft\u00a0Transparenz\u00a0und h\u00e4lt das Projekt am &hellip; <\/p>\n<p><a class=\"more-link btn\" href=\"https:\/\/www.genius-akademie.de\/?page_id=60\">Weiterlesen<\/a><\/p>\n","protected":false},"author":3,"featured_media":0,"parent":32,"menu_order":3,"comment_status":"closed","ping_status":"closed","template":"","meta":{"footnotes":""},"_links":{"self":[{"href":"https:\/\/www.genius-akademie.de\/index.php?rest_route=\/wp\/v2\/pages\/60"}],"collection":[{"href":"https:\/\/www.genius-akademie.de\/index.php?rest_route=\/wp\/v2\/pages"}],"about":[{"href":"https:\/\/www.genius-akademie.de\/index.php?rest_route=\/wp\/v2\/types\/page"}],"author":[{"embeddable":true,"href":"https:\/\/www.genius-akademie.de\/index.php?rest_route=\/wp\/v2\/users\/3"}],"replies":[{"embeddable":true,"href":"https:\/\/www.genius-akademie.de\/index.php?rest_route=%2Fwp%2Fv2%2Fcomments&post=60"}],"version-history":[{"count":6,"href":"https:\/\/www.genius-akademie.de\/index.php?rest_route=\/wp\/v2\/pages\/60\/revisions"}],"predecessor-version":[{"id":2265,"href":"https:\/\/www.genius-akademie.de\/index.php?rest_route=\/wp\/v2\/pages\/60\/revisions\/2265"}],"up":[{"embeddable":true,"href":"https:\/\/www.genius-akademie.de\/index.php?rest_route=\/wp\/v2\/pages\/32"}],"wp:attachment":[{"href":"https:\/\/www.genius-akademie.de\/index.php?rest_route=%2Fwp%2Fv2%2Fmedia&parent=60"}],"curies":[{"name":"wp","href":"https:\/\/api.w.org\/{rel}","templated":true}]}}