{"id":58,"date":"2013-06-10T05:39:04","date_gmt":"2013-06-10T03:39:04","guid":{"rendered":"http:\/\/www.genius-akademie.com\/?page_id=58"},"modified":"2018-05-25T17:04:37","modified_gmt":"2018-05-25T15:04:37","slug":"qualitat-steigern","status":"publish","type":"page","link":"https:\/\/www.genius-akademie.de\/?page_id=58","title":{"rendered":"Qualit\u00e4t steigern"},"content":{"rendered":"<p><span style=\"font-family: arial,helvetica,sans-serif; font-size: 16px;\"><b>Die Tatsachen:<a href=\"https:\/\/www.genius-akademie.de\/wp-content\/uploads\/2013\/06\/schwaechstes_glied.jpg\"><img loading=\"lazy\" decoding=\"async\" class=\"alignright wp-image-240 size-full\" style=\"border: 0px none;\" src=\"https:\/\/www.genius-akademie.de\/wp-content\/uploads\/2013\/06\/schwaechstes_glied.jpg\" alt=\"\" width=\"180\" height=\"113\" \/><\/a><\/b><\/span><\/p>\n<ul>\n<li><span style=\"font-family: arial,helvetica,sans-serif; font-size: 16px;\">Eine hohe, gleich bleibende Qualit\u00e4t ist die Grundlage f\u00fcr die langfristige Kundenzufriedenheit und Kundenbindung.<\/span><\/li>\n<li><span style=\"font-family: arial,helvetica,sans-serif; font-size: 16px;\">Die Qualit\u00e4t ist ein wichtiger Faktor, um sich gegen\u00fcber anderen Projekten abzuheben.<\/span><\/li>\n<li><span style=\"font-family: arial,helvetica,sans-serif; font-size: 16px;\">Der Anspruch an kontinuierliche Verbesserung erfordert einen begleitenden Prozess und permanente Aufmerksamkeit.<\/span><\/li>\n<\/ul>\n<p><span style=\"font-family: arial,helvetica,sans-serif; font-size: 16px;\"><b>\u00a0<\/b><\/span><\/p>\n<p><span style=\"font-family: arial,helvetica,sans-serif; font-size: 16px;\"><b>Unser L\u00f6sungsansatz:<\/b><\/span><\/p>\n<ul>\n<li><span style=\"font-family: arial,helvetica,sans-serif; font-size: 16px;\">Fr\u00fche Unterst\u00fctzung durch\u00a0<b>Know-How-Transfer<\/b>\u00a0f\u00fcr den Kunden und die Lieferanten.<\/span><\/li>\n<li><span style=\"font-family: arial,helvetica,sans-serif; font-size: 16px;\">Begleitende Qualit\u00e4tssicherung als unabh\u00e4ngiger Berater w\u00e4hrend der gesamten Projektlaufzeit.<\/span><\/li>\n<li><span style=\"font-family: arial,helvetica,sans-serif; font-size: 16px;\">Unterst\u00fctzung bei Leistungsfeststellung und Abnahmen mit dem\u00a0<b>Ziel, eine m\u00e4ngelfreie Abnahme zu erreichen<\/b>.<\/span><\/li>\n<li><span style=\"font-family: arial,helvetica,sans-serif; font-size: 16px;\">Jedes Projekt ist f\u00fcr uns ein Referenzprojekt; das Ergebnis unserer Anstrengungen ist eine\u00a0<b>sehr hohe Kundenzufriedenheit<\/b>.<\/span><\/li>\n<\/ul>\n<p><span style=\"font-family: arial,helvetica,sans-serif; font-size: 16px;\">\u00a0<\/span><\/p>\n","protected":false},"excerpt":{"rendered":"<p>Die Tatsachen: Eine hohe, gleich bleibende Qualit\u00e4t ist die Grundlage f\u00fcr die langfristige Kundenzufriedenheit und Kundenbindung. Die Qualit\u00e4t ist ein wichtiger Faktor, um sich gegen\u00fcber anderen Projekten abzuheben. Der Anspruch an kontinuierliche Verbesserung erfordert einen begleitenden Prozess und permanente Aufmerksamkeit. \u00a0 Unser L\u00f6sungsansatz: Fr\u00fche Unterst\u00fctzung durch\u00a0Know-How-Transfer\u00a0f\u00fcr den Kunden und die Lieferanten. Begleitende Qualit\u00e4tssicherung als unabh\u00e4ngiger &hellip; <\/p>\n<p><a class=\"more-link btn\" href=\"https:\/\/www.genius-akademie.de\/?page_id=58\">Weiterlesen<\/a><\/p>\n","protected":false},"author":3,"featured_media":0,"parent":32,"menu_order":2,"comment_status":"closed","ping_status":"closed","template":"","meta":{"footnotes":""},"_links":{"self":[{"href":"https:\/\/www.genius-akademie.de\/index.php?rest_route=\/wp\/v2\/pages\/58"}],"collection":[{"href":"https:\/\/www.genius-akademie.de\/index.php?rest_route=\/wp\/v2\/pages"}],"about":[{"href":"https:\/\/www.genius-akademie.de\/index.php?rest_route=\/wp\/v2\/types\/page"}],"author":[{"embeddable":true,"href":"https:\/\/www.genius-akademie.de\/index.php?rest_route=\/wp\/v2\/users\/3"}],"replies":[{"embeddable":true,"href":"https:\/\/www.genius-akademie.de\/index.php?rest_route=%2Fwp%2Fv2%2Fcomments&post=58"}],"version-history":[{"count":7,"href":"https:\/\/www.genius-akademie.de\/index.php?rest_route=\/wp\/v2\/pages\/58\/revisions"}],"predecessor-version":[{"id":2264,"href":"https:\/\/www.genius-akademie.de\/index.php?rest_route=\/wp\/v2\/pages\/58\/revisions\/2264"}],"up":[{"embeddable":true,"href":"https:\/\/www.genius-akademie.de\/index.php?rest_route=\/wp\/v2\/pages\/32"}],"wp:attachment":[{"href":"https:\/\/www.genius-akademie.de\/index.php?rest_route=%2Fwp%2Fv2%2Fmedia&parent=58"}],"curies":[{"name":"wp","href":"https:\/\/api.w.org\/{rel}","templated":true}]}}