{"id":51,"date":"2013-06-10T05:33:41","date_gmt":"2013-06-10T03:33:41","guid":{"rendered":"http:\/\/www.genius-akademie.com\/?page_id=51"},"modified":"2018-05-25T17:22:07","modified_gmt":"2018-05-25T15:22:07","slug":"leistungen","status":"publish","type":"page","link":"https:\/\/www.genius-akademie.de\/?page_id=51","title":{"rendered":"Leistungen"},"content":{"rendered":"<p><span style=\"font-family: arial,helvetica,sans-serif; font-size: 16px;\"><strong>Die GENIUS Akademie steht f\u00fcr Sicherheit \u2013 Sicherheit bei Mensch und Technik.<a href=\"https:\/\/www.genius-akademie.de\/wp-content\/uploads\/2013\/06\/vor_dem_ruin_gerettet.jpg\"><img loading=\"lazy\" decoding=\"async\" class=\"alignright wp-image-243 size-full\" style=\"border: 0px none;\" src=\"https:\/\/www.genius-akademie.de\/wp-content\/uploads\/2013\/06\/vor_dem_ruin_gerettet.jpg\" alt=\"\" width=\"180\" height=\"113\" \/><\/a><\/strong><b><\/b><\/span><\/p>\n<p><span style=\"font-family: arial,helvetica,sans-serif; font-size: 16px;\">St\u00f6rungen im Netzwerk oder gar Netzausf\u00e4lle werden durch die Technik oder den Menschen verursacht. Durch komplexere Netzstrukturen mit vielen integrierten Applikationen wird das Wissen \u00fcber Fehlerpotentiale und schnelle St\u00f6rbeseitigung immer wichtiger. Nicht verf\u00fcgbare Infrastrukturen bedeuten Verlust im Unternehmen \u2013 Verlust von Produktivit\u00e4t und Image.<\/span><\/p>\n<p><strong><span style=\"font-family: arial,helvetica,sans-serif; font-size: 16px;\">Die GENIUS Akademie m\u00f6chte Ihnen schon sehr fr\u00fch Hilfe anbieten.<\/span><\/strong><\/p>\n<p><span style=\"font-family: arial,helvetica,sans-serif; font-size: 16px;\">Seminare oder Workshops sind hier der ideale Einstieg, damit Sie schon fr\u00fchzeitig die richtigen Weichen in Ihren Projekten stellen. Mit unserer Gewerke \u00fcbergreifenden Sichtweise und den Erfahrungen aus zahlreichen Projekten geben wir Ihnen gerne unser breit gef\u00e4chertes Wissen weiter, damit Sie Ihre Aufgaben auch zu 100% umsetzen k\u00f6nnen. Wir begleiten Sie beratend durch alle Projektphasen und werden somit zu einem Garant Ihres Erfolges.<b><\/b><\/span><\/p>\n<p><span style=\"font-family: arial,helvetica,sans-serif; font-size: 16px;\"><strong>Unsere Erfahrung f\u00fcr Ihre Sicherheit \u2013 damit Sie stets auf einem trockenen und stabilen Fundament stehen.<\/strong><\/span><\/p>\n","protected":false},"excerpt":{"rendered":"<p>Die GENIUS Akademie steht f\u00fcr Sicherheit \u2013 Sicherheit bei Mensch und Technik. St\u00f6rungen im Netzwerk oder gar Netzausf\u00e4lle werden durch die Technik oder den Menschen verursacht. Durch komplexere Netzstrukturen mit vielen integrierten Applikationen wird das Wissen \u00fcber Fehlerpotentiale und schnelle St\u00f6rbeseitigung immer wichtiger. Nicht verf\u00fcgbare Infrastrukturen bedeuten Verlust im Unternehmen \u2013 Verlust von Produktivit\u00e4t und &hellip; <\/p>\n<p><a class=\"more-link btn\" href=\"https:\/\/www.genius-akademie.de\/?page_id=51\">Weiterlesen<\/a><\/p>\n","protected":false},"author":3,"featured_media":0,"parent":0,"menu_order":3,"comment_status":"closed","ping_status":"closed","template":"","meta":{"footnotes":""},"_links":{"self":[{"href":"https:\/\/www.genius-akademie.de\/index.php?rest_route=\/wp\/v2\/pages\/51"}],"collection":[{"href":"https:\/\/www.genius-akademie.de\/index.php?rest_route=\/wp\/v2\/pages"}],"about":[{"href":"https:\/\/www.genius-akademie.de\/index.php?rest_route=\/wp\/v2\/types\/page"}],"author":[{"embeddable":true,"href":"https:\/\/www.genius-akademie.de\/index.php?rest_route=\/wp\/v2\/users\/3"}],"replies":[{"embeddable":true,"href":"https:\/\/www.genius-akademie.de\/index.php?rest_route=%2Fwp%2Fv2%2Fcomments&post=51"}],"version-history":[{"count":8,"href":"https:\/\/www.genius-akademie.de\/index.php?rest_route=\/wp\/v2\/pages\/51\/revisions"}],"predecessor-version":[{"id":2266,"href":"https:\/\/www.genius-akademie.de\/index.php?rest_route=\/wp\/v2\/pages\/51\/revisions\/2266"}],"wp:attachment":[{"href":"https:\/\/www.genius-akademie.de\/index.php?rest_route=%2Fwp%2Fv2%2Fmedia&parent=51"}],"curies":[{"name":"wp","href":"https:\/\/api.w.org\/{rel}","templated":true}]}}