{"id":32,"date":"2013-06-08T11:00:32","date_gmt":"2013-06-08T09:00:32","guid":{"rendered":"http:\/\/www.genius-akademie.com\/?page_id=32"},"modified":"2018-05-25T16:53:43","modified_gmt":"2018-05-25T14:53:43","slug":"arbeitsweise","status":"publish","type":"page","link":"https:\/\/www.genius-akademie.de\/?page_id=32","title":{"rendered":"Arbeitsweise"},"content":{"rendered":"<ul>\n<li><span style=\"font-family: arial,helvetica,sans-serif; font-size: 16px;\"><strong>Die GENIUS Akademie steht f\u00fcr Sicherheit \u2013\u00a0<\/strong><strong>Sicherheit bei Mensch und Technik!<\/strong><\/span><\/li>\n<\/ul>\n<p><span style=\"font-family: arial,helvetica,sans-serif; font-size: 16px;\">\u00a0<\/span><\/p>\n<ul>\n<li><span style=\"font-family: arial,helvetica,sans-serif; font-size: 16px;\">Nicht verf\u00fcgbare Infrastrukturen bedeuten Verlust im Unternehmen \u2013\u00a0<strong>Verlust von Produktivit\u00e4t und Image.<\/strong>Wir unterst\u00fctzen unsere Kunden mit aller Kraft, damit die gesteckten Ziele erreicht werden.<\/span><\/li>\n<\/ul>\n<ul>\n<li><span style=\"font-family: arial,helvetica,sans-serif; font-size: 16px;\">Die GENIUS Akademie m\u00f6chte Ihnen schon\u00a0<strong>sehr fr\u00fch Hilfe<\/strong>\u00a0anbieten.\u00a0<strong>Seminare oder Workshops<\/strong>\u00a0sind der ideale Einstieg, um schon fr\u00fchzeitig die richtigen Weichen in Ihren Projekten zu stellen.<\/span><\/li>\n<\/ul>\n<ul>\n<li><span style=\"font-family: arial,helvetica,sans-serif; font-size: 16px;\">Mit unserer\u00a0<strong>Gewerke \u00fcbergreifenden Sichtweise\u00a0<\/strong>und den Erfahrungen aus zahlreichen Projekten geben wir Ihnen gerne unser breit gef\u00e4chertes Wissen weiter (z.B. IT-Handb\u00fccher), damit Sie Ihre\u00a0<strong>Aufgaben<\/strong>\u00a0auch<strong>zu 100% umsetzen<\/strong>\u00a0k\u00f6nnen.<\/span><\/li>\n<\/ul>\n<ul>\n<li><span style=\"font-family: arial,helvetica,sans-serif; font-size: 16px;\">Wir begleiten Sie\u00a0<strong>beratend durch alle Projektphasen<\/strong>\u00a0und werden somit zu einem\u00a0<strong>Wegbereiter Ihres Erfolges.<\/strong><\/span><\/li>\n<\/ul>\n<ul>\n<li><span style=\"font-family: arial,helvetica,sans-serif; font-size: 16px;\">Durch\u00a0<strong>pro-aktive Ma\u00dfnahmen<\/strong>\u00a0reduzieren wir St\u00f6rpotentiale in Projekten und bei vernetzten Systemen. Unsere langj\u00e4hrige Erfahrung\u00a0<strong>sichert und optimiert die Projektfaktoren Kosten, Qualit\u00e4t und Zeit.<\/strong><\/span><\/li>\n<\/ul>\n<p><span style=\"font-family: arial,helvetica,sans-serif; font-size: 16px;\">\u00a0<\/span><\/p>\n<p><a href=\"http:\/\/www.genius-akademie.com\/wp-content\/uploads\/2013\/06\/kosten1.jpg\">\u00a0 \u00a0 \u00a0 \u00a0 \u00a0 \u00a0 \u00a0<\/a><a href=\"https:\/\/www.genius-akademie.com\/wp-content\/uploads\/2013\/07\/quali.jpg\">\u00a0 <img loading=\"lazy\" decoding=\"async\" class=\"wp-image-156 size-full alignleft\" style=\"border: 0px none;\" src=\"https:\/\/www.genius-akademie.de\/wp-content\/uploads\/2013\/07\/quali.jpg\" alt=\"quali\" width=\"180\" height=\"160\" \/><\/a><a href=\"https:\/\/www.genius-akademie.de\/wp-content\/uploads\/2013\/06\/kosten1.jpg\"><img loading=\"lazy\" decoding=\"async\" class=\"wp-image-162 size-full alignleft\" style=\"border: 0px none;\" src=\"https:\/\/www.genius-akademie.de\/wp-content\/uploads\/2013\/06\/kosten1.jpg\" alt=\"\" width=\"180\" height=\"157\" \/><\/a>\u00a0 \u00a0 \u00a0 \u00a0 \u00a0 \u00a0 \u00a0<a href=\"https:\/\/www.genius-akademie.de\/wp-content\/uploads\/2013\/06\/zeit1.jpg\"><img loading=\"lazy\" decoding=\"async\" class=\"wp-image-164 alignleft\" style=\"border: 0px none;\" src=\"https:\/\/www.genius-akademie.de\/wp-content\/uploads\/2013\/06\/zeit1.jpg\" alt=\"\" width=\"180\" height=\"157\" \/><\/a><\/p>\n","protected":false},"excerpt":{"rendered":"<p>Die GENIUS Akademie steht f\u00fcr Sicherheit \u2013\u00a0Sicherheit bei Mensch und Technik! \u00a0 Nicht verf\u00fcgbare Infrastrukturen bedeuten Verlust im Unternehmen \u2013\u00a0Verlust von Produktivit\u00e4t und Image.Wir unterst\u00fctzen unsere Kunden mit aller Kraft, damit die gesteckten Ziele erreicht werden. Die GENIUS Akademie m\u00f6chte Ihnen schon\u00a0sehr fr\u00fch Hilfe\u00a0anbieten.\u00a0Seminare oder Workshops\u00a0sind der ideale Einstieg, um schon fr\u00fchzeitig die richtigen Weichen &hellip; <\/p>\n<p><a class=\"more-link btn\" href=\"https:\/\/www.genius-akademie.de\/?page_id=32\">Weiterlesen<\/a><\/p>\n","protected":false},"author":3,"featured_media":0,"parent":0,"menu_order":2,"comment_status":"closed","ping_status":"closed","template":"","meta":{"footnotes":""},"_links":{"self":[{"href":"https:\/\/www.genius-akademie.de\/index.php?rest_route=\/wp\/v2\/pages\/32"}],"collection":[{"href":"https:\/\/www.genius-akademie.de\/index.php?rest_route=\/wp\/v2\/pages"}],"about":[{"href":"https:\/\/www.genius-akademie.de\/index.php?rest_route=\/wp\/v2\/types\/page"}],"author":[{"embeddable":true,"href":"https:\/\/www.genius-akademie.de\/index.php?rest_route=\/wp\/v2\/users\/3"}],"replies":[{"embeddable":true,"href":"https:\/\/www.genius-akademie.de\/index.php?rest_route=%2Fwp%2Fv2%2Fcomments&post=32"}],"version-history":[{"count":13,"href":"https:\/\/www.genius-akademie.de\/index.php?rest_route=\/wp\/v2\/pages\/32\/revisions"}],"predecessor-version":[{"id":2262,"href":"https:\/\/www.genius-akademie.de\/index.php?rest_route=\/wp\/v2\/pages\/32\/revisions\/2262"}],"wp:attachment":[{"href":"https:\/\/www.genius-akademie.de\/index.php?rest_route=%2Fwp%2Fv2%2Fmedia&parent=32"}],"curies":[{"name":"wp","href":"https:\/\/api.w.org\/{rel}","templated":true}]}}