{"id":287,"date":"2013-11-21T15:02:03","date_gmt":"2013-11-21T13:02:03","guid":{"rendered":"http:\/\/www.genius-akademie.com\/?page_id=287"},"modified":"2018-05-26T04:09:06","modified_gmt":"2018-05-26T02:09:06","slug":"projektmanagement","status":"publish","type":"page","link":"https:\/\/www.genius-akademie.de\/?page_id=287","title":{"rendered":"Projektmanagement"},"content":{"rendered":"<p><a href=\"https:\/\/www.genius-akademie.de\/wp-content\/uploads\/2013\/11\/bullseye.jpg\"><img loading=\"lazy\" decoding=\"async\" class=\"alignright wp-image-302 size-full\" style=\"border: 0px none;\" src=\"https:\/\/www.genius-akademie.de\/wp-content\/uploads\/2013\/11\/bullseye.jpg\" alt=\"\" width=\"180\" height=\"113\" \/><\/a><span style=\"font-family: arial,helvetica,sans-serif; font-size: 16px;\">Projekte bergen viele Risiken wie z.B. hohe unerwartete Kosten. Umso wichtiger\u00a0 f\u00fcr die Verantwortlichen, ihr Projekt sicher in den Griff zu bekommen. Ein Projekt vom Start an in geordnete Bahnen zu lenken ist eine gro\u00dfe Herausforderung.<\/span><\/p>\n<p><span style=\"font-family: arial,helvetica,sans-serif; font-size: 16px;\">Oft bleibt keine Zeit f\u00fcr Projektstruktur, Projektorganisation, und Projektmarketing. Wir unterst\u00fctzen Sie.<\/span><\/p>\n<ul>\n<li><span style=\"font-family: arial,helvetica,sans-serif; font-size: 16px;\">Unabh\u00e4ngige Bauherrenberatung<\/span><\/li>\n<li><span style=\"font-family: arial,helvetica,sans-serif; font-size: 16px;\">Brainstorming \/ Mind-mapping<\/span><\/li>\n<li><span style=\"font-family: arial,helvetica,sans-serif; font-size: 16px;\">Qualit\u00e4tssicherung<\/span><\/li>\n<li><span style=\"font-family: arial,helvetica,sans-serif; font-size: 16px;\">Termincontrolling<\/span><\/li>\n<li><span style=\"font-family: arial,helvetica,sans-serif; font-size: 16px;\">Kostenverfolgung<\/span><\/li>\n<li><span style=\"font-family: arial,helvetica,sans-serif; font-size: 16px;\">Dokumentenmanagement<\/span><\/li>\n<li><span style=\"font-family: arial,helvetica,sans-serif; font-size: 16px;\">Projektplattformen<\/span><\/li>\n<li><span style=\"font-family: arial,helvetica,sans-serif; font-size: 16px;\">Projektmarketing<\/span><\/li>\n<\/ul>\n<p><span style=\"font-family: arial,helvetica,sans-serif; font-size: 16px;\"><b>Mit der GENIUS Akademie gelingt Ihnen eine Punktlandung!<\/b><\/span><\/p>\n<p>&nbsp;<\/p>\n","protected":false},"excerpt":{"rendered":"<p>Projekte bergen viele Risiken wie z.B. hohe unerwartete Kosten. Umso wichtiger\u00a0 f\u00fcr die Verantwortlichen, ihr Projekt sicher in den Griff zu bekommen. Ein Projekt vom Start an in geordnete Bahnen zu lenken ist eine gro\u00dfe Herausforderung. Oft bleibt keine Zeit f\u00fcr Projektstruktur, Projektorganisation, und Projektmarketing. Wir unterst\u00fctzen Sie. Unabh\u00e4ngige Bauherrenberatung Brainstorming \/ Mind-mapping Qualit\u00e4tssicherung Termincontrolling &hellip; <\/p>\n<p><a class=\"more-link btn\" href=\"https:\/\/www.genius-akademie.de\/?page_id=287\">Weiterlesen<\/a><\/p>\n","protected":false},"author":3,"featured_media":0,"parent":67,"menu_order":6,"comment_status":"closed","ping_status":"closed","template":"","meta":{"footnotes":""},"_links":{"self":[{"href":"https:\/\/www.genius-akademie.de\/index.php?rest_route=\/wp\/v2\/pages\/287"}],"collection":[{"href":"https:\/\/www.genius-akademie.de\/index.php?rest_route=\/wp\/v2\/pages"}],"about":[{"href":"https:\/\/www.genius-akademie.de\/index.php?rest_route=\/wp\/v2\/types\/page"}],"author":[{"embeddable":true,"href":"https:\/\/www.genius-akademie.de\/index.php?rest_route=\/wp\/v2\/users\/3"}],"replies":[{"embeddable":true,"href":"https:\/\/www.genius-akademie.de\/index.php?rest_route=%2Fwp%2Fv2%2Fcomments&post=287"}],"version-history":[{"count":6,"href":"https:\/\/www.genius-akademie.de\/index.php?rest_route=\/wp\/v2\/pages\/287\/revisions"}],"predecessor-version":[{"id":2279,"href":"https:\/\/www.genius-akademie.de\/index.php?rest_route=\/wp\/v2\/pages\/287\/revisions\/2279"}],"up":[{"embeddable":true,"href":"https:\/\/www.genius-akademie.de\/index.php?rest_route=\/wp\/v2\/pages\/67"}],"wp:attachment":[{"href":"https:\/\/www.genius-akademie.de\/index.php?rest_route=%2Fwp%2Fv2%2Fmedia&parent=287"}],"curies":[{"name":"wp","href":"https:\/\/api.w.org\/{rel}","templated":true}]}}