{"id":285,"date":"2013-11-21T15:01:06","date_gmt":"2013-11-21T13:01:06","guid":{"rendered":"http:\/\/www.genius-akademie.com\/?page_id=285"},"modified":"2018-05-26T02:00:09","modified_gmt":"2018-05-26T00:00:09","slug":"sicherheitstechnik","status":"publish","type":"page","link":"https:\/\/www.genius-akademie.de\/?page_id=285","title":{"rendered":"Sicherheitstechnik"},"content":{"rendered":"<p><a href=\"https:\/\/www.genius-akademie.de\/wp-content\/uploads\/2013\/11\/videoueberwachung.jpg\"><img loading=\"lazy\" decoding=\"async\" class=\"alignright wp-image-289 size-full\" style=\"border: 0px none;\" src=\"https:\/\/www.genius-akademie.de\/wp-content\/uploads\/2013\/11\/videoueberwachung.jpg\" alt=\"\" width=\"180\" height=\"114\" \/><\/a><span style=\"font-family: arial,helvetica,sans-serif; font-size: 16px;\">Die Sicherheitstechnik ist ein an Bedeutung wachsender Bereich zur Sicherung\u00a0 des Unternehmenserfolges. Unser Leistungsspektrum erstreckt sich von der Neubauplanung, der Bestandsoptimierung \u00fcber die Migrationsplanung bis hin zur Bau\u00fcberwachung und unabh\u00e4ngigen Qualit\u00e4tssicherung.<\/span><\/p>\n<p><span style=\"font-family: arial,helvetica,sans-serif; font-size: 16px;\"><b><br \/>\n<strong>Video\u00fcberwachungssysteme<\/strong><br \/>\n<\/b><\/span><br \/>\n<span style=\"font-family: arial,helvetica,sans-serif; font-size: 16px;\"> Viele Systeme werden aktuell von analoger Kreuzschienentechnik auf IP-basierende virtuelle Kreuzschienen umgestellt. Die in der Sicherheitstechnik erhobene Forderung nach Qualit\u00e4t und Verf\u00fcgbarkeit ist nicht leicht auf IP-basierende Systeme zu \u00fcbertragen. Hier ist eine gesamtheitliche Betrachtung aller Komponenten ein Muss! Bei der Betreuung von Projekten mit mehreren tausend Komponenten und vielseitigen Schnittstellen zu Fremdsystemen kommt uns unser Know-How im Bereich der Sicherheits- und Netzwerktechnik zu Gute.<\/span><\/p>\n<p><span style=\"font-family: arial,helvetica,sans-serif; font-size: 16px;\"><b><br \/>\n<strong>Perimeterschutz<\/strong><br \/>\n<\/b><\/span><br \/>\n<span style=\"font-family: arial,helvetica,sans-serif; font-size: 16px;\"> Eine kosteneffiziente und hochverf\u00fcgbare Au\u00dfenhaut\u00fcberwachung ist ein komplexes Themengebiet und bedarf einer individuellen Ber\u00fccksichtigung aller Umgebungsbedingungen.<\/span><\/p>\n<p><span style=\"font-family: arial,helvetica,sans-serif; font-size: 16px;\"><b><br \/>\n<strong>Einsatzleittechnik f\u00fcr Sicherheitsorgane<\/strong><\/b><\/span><\/p>\n<p><span style=\"font-family: arial,helvetica,sans-serif; font-size: 16px;\">Es gibt selten Systeme, bei denen mehr sicherheitskritische Komponenten so geb\u00fcndelt zusammenlaufen. Eine fehlerfreie Funktion aller Schnittstellen ist nur durch genaue Planung und ausf\u00fchrliche Testszenarien realisierbar. Dann k\u00f6nnen durch eine intelligente Kommunikationssteuerung und Visualisierung von Informationen in kurzer Zeit die richtigen Entscheidungen im Einsatzfall getroffen werden. Durch unsere mehrj\u00e4hrige Erfahrung im Bereich der Planung und Bau\u00fcberwachung auf diesem Gebiet nehmen wir gerne die Herausforderung an, solche Projekte mit ihnen gemeinsam erfolgreich umzusetzen.<\/span><\/p>\n<p><span style=\"font-family: arial,helvetica,sans-serif; font-size: 16px;\">\u00a0<\/span><\/p>\n","protected":false},"excerpt":{"rendered":"<p>Die Sicherheitstechnik ist ein an Bedeutung wachsender Bereich zur Sicherung\u00a0 des Unternehmenserfolges. Unser Leistungsspektrum erstreckt sich von der Neubauplanung, der Bestandsoptimierung \u00fcber die Migrationsplanung bis hin zur Bau\u00fcberwachung und unabh\u00e4ngigen Qualit\u00e4tssicherung. Video\u00fcberwachungssysteme Viele Systeme werden aktuell von analoger Kreuzschienentechnik auf IP-basierende virtuelle Kreuzschienen umgestellt. Die in der Sicherheitstechnik erhobene Forderung nach Qualit\u00e4t und Verf\u00fcgbarkeit ist &hellip; <\/p>\n<p><a class=\"more-link btn\" href=\"https:\/\/www.genius-akademie.de\/?page_id=285\">Weiterlesen<\/a><\/p>\n","protected":false},"author":3,"featured_media":0,"parent":67,"menu_order":1,"comment_status":"closed","ping_status":"closed","template":"","meta":{"footnotes":""},"_links":{"self":[{"href":"https:\/\/www.genius-akademie.de\/index.php?rest_route=\/wp\/v2\/pages\/285"}],"collection":[{"href":"https:\/\/www.genius-akademie.de\/index.php?rest_route=\/wp\/v2\/pages"}],"about":[{"href":"https:\/\/www.genius-akademie.de\/index.php?rest_route=\/wp\/v2\/types\/page"}],"author":[{"embeddable":true,"href":"https:\/\/www.genius-akademie.de\/index.php?rest_route=\/wp\/v2\/users\/3"}],"replies":[{"embeddable":true,"href":"https:\/\/www.genius-akademie.de\/index.php?rest_route=%2Fwp%2Fv2%2Fcomments&post=285"}],"version-history":[{"count":5,"href":"https:\/\/www.genius-akademie.de\/index.php?rest_route=\/wp\/v2\/pages\/285\/revisions"}],"predecessor-version":[{"id":2276,"href":"https:\/\/www.genius-akademie.de\/index.php?rest_route=\/wp\/v2\/pages\/285\/revisions\/2276"}],"up":[{"embeddable":true,"href":"https:\/\/www.genius-akademie.de\/index.php?rest_route=\/wp\/v2\/pages\/67"}],"wp:attachment":[{"href":"https:\/\/www.genius-akademie.de\/index.php?rest_route=%2Fwp%2Fv2%2Fmedia&parent=285"}],"curies":[{"name":"wp","href":"https:\/\/api.w.org\/{rel}","templated":true}]}}