{"id":275,"date":"2013-11-21T14:58:29","date_gmt":"2013-11-21T12:58:29","guid":{"rendered":"http:\/\/www.genius-akademie.com\/?page_id=275"},"modified":"2014-02-02T18:38:47","modified_gmt":"2014-02-02T16:38:47","slug":"netzwerkplanung-passive","status":"publish","type":"page","link":"https:\/\/www.genius-akademie.de\/?page_id=275","title":{"rendered":"Netzwerkplanung Passiv"},"content":{"rendered":"<p><span style=\"font-family: arial,helvetica,sans-serif; font-size: 16px;\">Mit dem Einzug der Strukturierten Geb\u00e4udeverkabelung Anfang der 90er Jahre hat sich die Verkabelungsinfrastruktur im B\u00fcro und in der Fertigung ma\u00dfgeblich ver\u00e4ndert. Anf\u00e4ngliche Fragen nach den Steckgesichtern, den Kabeltypen und der Bandbreite sind heute zumeist beantwortet.<\/span><\/p>\n<p><span style=\"font-family: arial,helvetica,sans-serif; font-size: 16px;\">F\u00fcr die IT-Entscheider ist heute nicht mehr das einzelne Produkt interessant, sondern die gesamte L\u00f6sung.<strong>Kosten- und Energieeffizienz<\/strong>\u00a0sind die aktuellen Schlagw\u00f6rter.<\/span><\/p>\n<p><span style=\"font-family: arial,helvetica,sans-serif; font-size: 16px;\">Wer heute die Infrastrukturen von morgen plant, muss sich gr\u00fcndlich Gedanken machen \u00fcber Themen wie\u00a0<strong>Power over Ethernet<\/strong>\u00a0(Strombelastbarkeit der Systeme),\u00a0<strong>EMV<\/strong>\u00a0in der Geb\u00e4udeverkabelung oder\u00a0<strong>MICE-Konzept<\/strong>, speziell im Bereich der Industrieverkabelung. Individuelle Planungen werden immer wichtiger \u2013 L\u00f6sungen von der Stange werden die Anforderungen von morgen nicht mehr erf\u00fcllen.<\/span><\/p>\n<p><span style=\"font-family: arial,helvetica,sans-serif; font-size: 16px;\">Im Bereich der<b>\u00a0<\/b><strong>B\u00fcroverkabelung<\/strong>\u00a0haben sich<b>\u00a0<\/b><strong>flexible Verkabelungskonzepte<\/strong>\u00a0immer mehr in den Vordergrund gedr\u00e4ngt. Zur Kosteneinsparung, insbesondere im sp\u00e4teren Betrieb, m\u00fcssen Themen wie\u00a0<strong>Consolidation Point, CaddyConnect, BaseConnect<\/strong><b>\u00a0<\/b>oder auch\u00a0<strong>CableMaster<\/strong><b>\u00a0<\/b>Beachtung finden &#8211;\u00a0<strong>Technik und \u00c4sthetik flie\u00dfen immer mehr zusammen.<\/strong><\/span><\/p>\n<p><span style=\"font-family: arial,helvetica,sans-serif; font-size: 16px;\"><strong>Mit der GENIUS Akademie als starken Partner an Ihrer Seite haben Sie einen Vorsprung vor den anderen. Wir bringen Ihre Vorstellungen auf den Punkt.<\/strong><\/span><\/p>\n<p><a href=\"http:\/\/www.genius-akademie.com\/wp-content\/uploads\/2013\/11\/normen.png\"><img loading=\"lazy\" decoding=\"async\" class=\"alignright size-full wp-image-292\" style=\"border: 0px;\" alt=\"normen\" src=\"http:\/\/www.genius-akademie.com\/wp-content\/uploads\/2013\/11\/normen.png\" width=\"736\" height=\"608\" srcset=\"https:\/\/www.genius-akademie.de\/wp-content\/uploads\/2013\/11\/normen.png 736w, https:\/\/www.genius-akademie.de\/wp-content\/uploads\/2013\/11\/normen-300x247.png 300w, https:\/\/www.genius-akademie.de\/wp-content\/uploads\/2013\/11\/normen-510x421.png 510w\" sizes=\"(max-width: 736px) 100vw, 736px\" \/><\/a><\/p>\n","protected":false},"excerpt":{"rendered":"<p>Mit dem Einzug der Strukturierten Geb\u00e4udeverkabelung Anfang der 90er Jahre hat sich die Verkabelungsinfrastruktur im B\u00fcro und in der Fertigung ma\u00dfgeblich ver\u00e4ndert. Anf\u00e4ngliche Fragen nach den Steckgesichtern, den Kabeltypen und der Bandbreite sind heute zumeist beantwortet. F\u00fcr die IT-Entscheider ist heute nicht mehr das einzelne Produkt interessant, sondern die gesamte L\u00f6sung.Kosten- und Energieeffizienz\u00a0sind die aktuellen &hellip; <\/p>\n<p><a class=\"more-link btn\" href=\"https:\/\/www.genius-akademie.de\/?page_id=275\">Weiterlesen<\/a><\/p>\n","protected":false},"author":3,"featured_media":0,"parent":67,"menu_order":2,"comment_status":"closed","ping_status":"closed","template":"","meta":{"footnotes":""},"_links":{"self":[{"href":"https:\/\/www.genius-akademie.de\/index.php?rest_route=\/wp\/v2\/pages\/275"}],"collection":[{"href":"https:\/\/www.genius-akademie.de\/index.php?rest_route=\/wp\/v2\/pages"}],"about":[{"href":"https:\/\/www.genius-akademie.de\/index.php?rest_route=\/wp\/v2\/types\/page"}],"author":[{"embeddable":true,"href":"https:\/\/www.genius-akademie.de\/index.php?rest_route=\/wp\/v2\/users\/3"}],"replies":[{"embeddable":true,"href":"https:\/\/www.genius-akademie.de\/index.php?rest_route=%2Fwp%2Fv2%2Fcomments&post=275"}],"version-history":[{"count":4,"href":"https:\/\/www.genius-akademie.de\/index.php?rest_route=\/wp\/v2\/pages\/275\/revisions"}],"predecessor-version":[{"id":1102,"href":"https:\/\/www.genius-akademie.de\/index.php?rest_route=\/wp\/v2\/pages\/275\/revisions\/1102"}],"up":[{"embeddable":true,"href":"https:\/\/www.genius-akademie.de\/index.php?rest_route=\/wp\/v2\/pages\/67"}],"wp:attachment":[{"href":"https:\/\/www.genius-akademie.de\/index.php?rest_route=%2Fwp%2Fv2%2Fmedia&parent=275"}],"curies":[{"name":"wp","href":"https:\/\/api.w.org\/{rel}","templated":true}]}}