{"id":103,"date":"2013-06-10T12:38:54","date_gmt":"2013-06-10T10:38:54","guid":{"rendered":"http:\/\/www.genius-akademie.com\/?page_id=103"},"modified":"2019-01-04T16:05:45","modified_gmt":"2019-01-04T14:05:45","slug":"impressum","status":"publish","type":"page","link":"https:\/\/www.genius-akademie.de\/?page_id=103","title":{"rendered":"Impressum"},"content":{"rendered":"<p>GENIUS Akademie GmbH &amp; Co. KG<br \/>\nWaldstra\u00dfe 19a<br \/>\nD-66916 Dunzweiler<\/p>\n<p>Tel:\u00a0 +49 (0) 63 73 \/ 89 19 41<br \/>\nFax: +49 (0) 63 73 \/ 89 19 17<\/p>\n<p>E-Mail:\u00a0<a href=\"mailto:info@genius-akademie.de\">info@genius-akademie.de<\/a><br \/>\nInternet: www.genius-akademie.de<\/p>\n<p><b>Gesch\u00e4ftsf\u00fchrer<br \/>\n<\/b>Frank Streibert<br \/>\nSascha Utta<\/p>\n<p><b>Verantwortlich f\u00fcr den Inhalt (\u00a7 6 MDStV)<br \/>\n<\/b>Frank Streibert<br \/>\nSascha Utta<\/p>\n<p><b>UID-Nr<\/b>. DE 263 697 942<\/p>\n<p>genius-akademie.de, genius-akademie.com<br \/>\nAlle Rechte Vorbehalten, \u00a9 2005-2019 GENIUS Akademie GmbH &amp; Co. KG<\/p>\n<p><b><\/b><b>Design und Webmaster<\/b><br \/>\nAndreas Honecker<\/p>\n<div>\n<hr align=\"left\" noshade=\"noshade\" size=\"1\" width=\"657\" \/>\n<\/div>\n<p><b>Inhalt:\u00a0<\/b>Die GENIUS Akademie\u00a0GmbH &amp; Co. KG \u00fcbernimmt keinerlei Gew\u00e4hr f\u00fcr die Aktualit\u00e4t, Korrektheit, Vollst\u00e4ndigkeit oder Qualit\u00e4t der bereitgestellten Informationen. Haftungsanspr\u00fcche gegen die GENIUS Akademie\u00a0GmbH &amp; Co. KG, welche sich auf Sch\u00e4den materieller oder ideeller Art beziehen, die durch die Nutzung der angebotenen Informationen bzw. durch die Nutzung fehlerhafter und unvollst\u00e4ndiger Informationen verursacht wurden, sind grunds\u00e4tzlich ausgeschlossen, sofern seitens der GENIUS Akademie\u00a0GmbH &amp; Co. KG kein nachweislich vors\u00e4tzlich oder grob fahrl\u00e4ssiges Verschulden vorliegt.<br \/>\nDie GENIUS Akademie\u00a0GmbH &amp; Co. KG beh\u00e4lt sich vor, Teile der Seiten oder das gesamte Angebot ohne gesonderte Ank\u00fcndigung zu ver\u00e4ndern, erg\u00e4nzen, l\u00f6schen oder die Ver\u00f6ffentlichung zeitweise oder endg\u00fcltig einzustellen.<\/p>\n<p><b>Verwendete Markennamen:\u00a0<\/b>Die GENIUS Akademie\u00a0GmbH &amp; Co. KG weist darauf hin, dass alle verwendeten Markennamen der jeweiligen Firmen oder Einrichtungen dem allgemeinen warenzeichen-, marken- oder patentrechtlichen Schutz unterliegen.<\/p>\n<p><b>Urheberrecht:\u00a0<\/b>Die GENIUS Akademie\u00a0GmbH &amp; Co. KG ist bestrebt, in allen Publikationen die Urheberrechte der verwendeten Grafiken und Texte zu beachten, eigenh\u00e4ndig erstellte Grafiken und Texte zu nutzen oder auf lizenzfreie Grafiken, Bilder, Fotografien und Texte zur\u00fcckzugreifen. Das Copyright f\u00fcr ver\u00f6ffentlichte, von der GENIUS Akademie\u00a0GmbH &amp; Co. KG selbst erstellte Objekte bleiben allein bei der GENIUS Akademie\u00a0GmbH &amp; Co. KG. Eine Vervielf\u00e4ltigung oder Verwendung solcher Grafiken oder Texte in anderen elektronischen oder gedruckten Publikationen ist ohne ausdr\u00fcckliche schriftliche Genehmigung der GENIUS Akademie\u00a0GmbH &amp; Co. KG nicht gestattet.<\/p>\n<p><b>Rechtswirksamkeit:\u00a0<\/b>Dieser Haftungsausschluss ist als Teil des Internetangebotes zu betrachten, von dem aus diese Seite verwiesen wurde. Sofern Teile oder einzelne Formulierungen dieses Textes der geltenden Rechtslage nicht, nicht mehr oder nicht vollst\u00e4ndig entsprechen sollten, bleiben die \u00fcbrigen Teile des Dokumentes in ihrer G\u00fcltigkeit davon unber\u00fchrt.<\/p>\n<p>&nbsp;<\/p>\n","protected":false},"excerpt":{"rendered":"<p>GENIUS Akademie GmbH &amp; Co. KG Waldstra\u00dfe 19a D-66916 Dunzweiler Tel:\u00a0 +49 (0) 63 73 \/ 89 19 41 Fax: +49 (0) 63 73 \/ 89 19 17 E-Mail:\u00a0info@genius-akademie.de Internet: www.genius-akademie.de Gesch\u00e4ftsf\u00fchrer Frank Streibert Sascha Utta Verantwortlich f\u00fcr den Inhalt (\u00a7 6 MDStV) Frank Streibert Sascha Utta UID-Nr. DE 263 697 942 genius-akademie.de, genius-akademie.com Alle &hellip; <\/p>\n<p><a class=\"more-link btn\" href=\"https:\/\/www.genius-akademie.de\/?page_id=103\">Weiterlesen<\/a><\/p>\n","protected":false},"author":3,"featured_media":0,"parent":0,"menu_order":6,"comment_status":"closed","ping_status":"closed","template":"","meta":{"footnotes":""},"_links":{"self":[{"href":"https:\/\/www.genius-akademie.de\/index.php?rest_route=\/wp\/v2\/pages\/103"}],"collection":[{"href":"https:\/\/www.genius-akademie.de\/index.php?rest_route=\/wp\/v2\/pages"}],"about":[{"href":"https:\/\/www.genius-akademie.de\/index.php?rest_route=\/wp\/v2\/types\/page"}],"author":[{"embeddable":true,"href":"https:\/\/www.genius-akademie.de\/index.php?rest_route=\/wp\/v2\/users\/3"}],"replies":[{"embeddable":true,"href":"https:\/\/www.genius-akademie.de\/index.php?rest_route=%2Fwp%2Fv2%2Fcomments&post=103"}],"version-history":[{"count":7,"href":"https:\/\/www.genius-akademie.de\/index.php?rest_route=\/wp\/v2\/pages\/103\/revisions"}],"predecessor-version":[{"id":2287,"href":"https:\/\/www.genius-akademie.de\/index.php?rest_route=\/wp\/v2\/pages\/103\/revisions\/2287"}],"wp:attachment":[{"href":"https:\/\/www.genius-akademie.de\/index.php?rest_route=%2Fwp%2Fv2%2Fmedia&parent=103"}],"curies":[{"name":"wp","href":"https:\/\/api.w.org\/{rel}","templated":true}]}}